{"id":778,"date":"2021-03-29T16:40:14","date_gmt":"2021-03-29T14:40:14","guid":{"rendered":"https:\/\/donatino.eu\/gdpr\/"},"modified":"2022-10-23T14:26:20","modified_gmt":"2022-10-23T12:26:20","slug":"gdpr","status":"publish","type":"page","link":"https:\/\/donatino.eu\/cs\/gdpr\/","title":{"rendered":"GDPR"},"content":{"rendered":"\n<p><strong>BEZPE\u010cNOST A OCHRANA INFORMAC\u00cd A OSOBN\u00cdCH \u00daDAJ\u016e<\/strong><\/p>\r\n<p>Provozovatel e-shopu jako spr\u00e1vce osobn\u00edch \u00fadaj\u016f (d\u00e1le jen \u201cSpr\u00e1vce\u201d) t\u00edmto v souladu s ustanoven\u00edm \u010dl. 1.2. 13 Na\u0159\u00edzen\u00ed Evropsk\u00e9ho parlamentu a Rady (EU) \u010d . 2016\/679 ze dne 27. dubna 2016, obecn\u00e9ho na\u0159\u00edzen\u00ed o ochran\u011b osobn\u00edch \u00fadaj\u016f ( d\u00e1le jen \u201eNa\u0159\u00edzen\u00ed\u201c), informuje sv\u00e9 z\u00e1kazn\u00edky (d\u00e1le jednotliv\u011b jen \u201eSubjekt \u00fadaj\u016f\u201c) o tom, \u017ee:<br\/>1. Osobn\u00ed \u00fadaje Subjektu \u00fadaj\u016f, kter\u00e9 budou Spr\u00e1vci p\u0159ed\u00e1ny p\u0159i odesl\u00e1n\u00ed objedn\u00e1vky, budou zpracov\u00e1ny za \u00fa\u010delem uzav\u0159en\u00ed darovac\u00ed smlouvy a jej\u00edho n\u00e1sledn\u00e9ho pln\u011bn\u00ed, a to v\u010detn\u011b vy\u0159izov\u00e1n\u00ed p\u0159\u00edpadn\u00fdch n\u00e1rok\u016f Subjektu \u00fadaj\u016f z vadn\u00e9ho pln\u011bn\u00ed. Pr\u00e1vn\u00edm z\u00e1kladem pro zpracov\u00e1n\u00ed osobn\u00edch \u00fadaj\u016f Subjektu \u00fadaj\u016f je tedy pln\u011bn\u00ed darovac\u00ed smlouvy zalo\u017een\u00e9 objedn\u00e1vkou Subjektu \u00fadaj\u016f a sou\u010dasn\u011b tak\u00e9 pln\u011bn\u00ed z\u00e1konn\u00fdch povinnost\u00ed Spr\u00e1vce podle pr\u00e1vn\u00edch p\u0159edpis\u016f upravuj\u00edc\u00edch pr\u00e1va a povinnosti v souvislosti s ochranou spot\u0159ebitele a veden\u00edm \u00fa\u010detnictv\u00ed.<\/p>\r\n<p>2. D\u016fvodem poskytnut\u00ed osobn\u00edch \u00fadaj\u016f Subjektu \u00fadaj\u016f Spr\u00e1vci je identifikace smluvn\u00edch stran nezbytn\u00e1 pro uzav\u0159en\u00ed a pln\u011bn\u00ed darovac\u00ed smlouvy, co\u017e by bez poskytnut\u00ed t\u011bchto \u00fadaj\u016f nebylo mo\u017en\u00e9.<\/p>\r\n<p>3. Osobn\u00ed \u00fadaje Subjektu \u00fadaj\u016f budou zpracov\u00e1ny po dobu, po kterou je Spr\u00e1vce povinen tyto \u00fadaje uchov\u00e1vat podle obecn\u011b z\u00e1vazn\u00fdch pr\u00e1vn\u00edch p\u0159edpis\u016f, minim\u00e1ln\u011b tedy po dobu 5 let podle z\u00e1kona o \u00fa\u010detnictv\u00ed nebo po dobu 10 let podle z\u00e1kona o DPH.<\/p>\r\n<p>4. P\u0159i zpracov\u00e1n\u00ed osobn\u00edch \u00fadaj\u016f Subjektu \u00fadaj\u016f nebude doch\u00e1zet k automatizovan\u00e9mu rozhodov\u00e1n\u00ed ani k profilov\u00e1n\u00ed.<\/p>\r\n<p>5. Spr\u00e1vce nejmenoval pov\u011b\u0159ence pro ochranu osobn\u00edch \u00fadaj\u016f ani neur\u010dil z\u00e1stupce pro pln\u011bn\u00ed povinnost\u00ed ve smyslu Na\u0159\u00edzen\u00ed. Osobn\u00ed \u00fadaje Subjektu \u00fadaj\u016f mohou b\u00fdt pro \u00fa\u010dely \u0159\u00e1dn\u00e9ho vy\u0159\u00edzen\u00ed objedn\u00e1vky poskytnuty poskytovateli z\u00e1silkov\u00fdch slu\u017eeb zvolen\u00e9mu Subjektem \u00fadaj\u016f, a d\u00e1le osob\u00e1m, kter\u00e9 Spr\u00e1vci poskytuj\u00ed pr\u00e1vn\u00ed a \u00fa\u010detn\u00ed slu\u017eby v z\u00e1jmu zaji\u0161t\u011bn\u00ed \u0159\u00e1dn\u00e9ho pln\u011bn\u00ed povinnost\u00ed stanoven\u00fdch obecn\u011b z\u00e1vazn\u00fdmi pr\u00e1vn\u00edmi p\u0159edpisy. Spr\u00e1vce nem\u00e1 v \u00famyslu p\u0159edat osobn\u00ed \u00fadaje Subjektu \u00fadaj\u016f do t\u0159et\u00ed zem\u011b, mezin\u00e1rodn\u00ed organizaci nebo jin\u00fdm, ne\u017e v\u00fd\u0161e uveden\u00fdm t\u0159et\u00edm osob\u00e1m.<\/p>\r\n<p>6. Dot\u010den\u00e1 osoba m\u00e1 pr\u00e1vo po\u017eadovat od Spr\u00e1vce p\u0159\u00edstup ke sv\u00fdm osobn\u00edm \u00fadaj\u016fm, jejich opravu nebo vymaz\u00e1n\u00ed, p\u0159\u00edpadn\u011b omezen\u00ed zpracov\u00e1n\u00ed, a nam\u00edtat v\u016f\u010di zpracov\u00e1n\u00ed, m\u00e1 pr\u00e1vo na p\u0159enosnost t\u011bchto \u00fadaj\u016f k jin\u00e9mu spr\u00e1vci, jako\u017e i pr\u00e1vo podat st\u00ed\u017enost na \u00da\u0159ad pro ochranu osobn\u00edch \u00fadaj\u016f, pokud m\u00e1 za to, \u017ee Spr\u00e1vce p\u0159i zpracov\u00e1n\u00ed osobn\u00edch \u00fadaj\u016f postupuje v rozporu s Na\u0159\u00edzen\u00edm.<\/p>\r\n<h3><strong>Cookies<\/strong><\/h3>\r\n<p>Pou\u017e\u00edv\u00e1me cookies k tomu, abychom zjistili preference n\u00e1v\u0161t\u011bvn\u00edk\u016f web str\u00e1nek a um\u011bli na z\u00e1klad\u011b toho p\u0159izp\u016fsobit na\u0161i nab\u00eddku na m\u00edru konkr\u00e9tn\u00edmu n\u00e1v\u0161t\u011bvn\u00edkovi. Cookies se mohou pou\u017e\u00edvat k tomu, abychom zjistili, a\u0165 u\u017e jste na\u0161e str\u00e1nky z va\u0161eho po\u010d\u00edta\u010de n\u011bkdy nav\u0161t\u00edvili.<\/p>\r\n<p>Cookies jsou textov\u00e9 soubory, kter\u00e9 ulo\u017e\u00ed v\u00e1\u0161 internetov\u00fd prohl\u00ed\u017ee\u010d na v\u00e1\u0161 disk v po\u010d\u00edta\u010di. Pokud si nep\u0159ejete cookies ukl\u00e1dat, m\u016f\u017eete je deaktivovat ve va\u0161em internetov\u00e9m prohl\u00ed\u017ee\u010di, vzhledem ke skute\u010dnosti, \u017ee se jedn\u00e1 o V\u00e1\u0161 osobn\u00ed \u00fadaj.<\/p>\r\n<p>Krom\u011b toho m\u00e1te mo\u017enost v internetov\u00e9m prohl\u00ed\u017ee\u010di vyu\u017e\u00edt tvz. re\u017eim inkognito (p\u0159i kter\u00e9m se neukl\u00e1daj\u00ed \u017e\u00e1dn\u00e9 cookies) nebo zak\u00e1zat javascript. Ukl\u00e1d\u00e1n\u00ed cookies (a tak\u00e9 historie prohl\u00ed\u017een\u00ed) si m\u016f\u017eete ve va\u0161em prohl\u00ed\u017ee\u010di zak\u00e1zat, nebo pravideln\u011b vymaz\u00e1vat p\u0159\u00edmo z nastaven\u00ed prohl\u00ed\u017ee\u010de, p\u0159\u00edpadn\u011b pomoc\u00ed k tomu ur\u010den\u00e9ho bezplatn\u00e9ho softwaru.<\/p>\r\n<p>V\u00edce o spr\u00e1v\u011b cookies si m\u016f\u017eete p\u0159e\u010d\u00edst i zde:\u00a0<a href=\"https:\/\/j8n5s9v3.stackpathcdn.com\/wp-content\/uploads\/2019\/01\/95647?co=GENIE1.Platform%3DDesktop&#038;amp%3Bhl= cs\">Google Chrome\u00a0<\/a><a href=\"https:\/\/j8n5s9v3.stackpathcdn.com\/wp-content\/uploads\/2019\/01\/Spr%C3%A1va%20cookies1\">Mozilla Firefox\u00a0<\/a>Internet Explorer<\/p>\r\n<p><strong>K \u010demu tyto informace pou\u017e\u00edv\u00e1me?<\/strong><\/p>\r\n<p>Informace, kter\u00e9 zpracov\u00e1v\u00e1me mohou b\u00fdt pou\u017eity na n\u011bkterou z n\u00ed\u017ee uveden\u00fdch \u010dinnost\u00ed:<\/p>\r\n<ul>\r\n<li><strong>P\u0159esonalizov\u00e1n\u00ed nab\u00eddky<\/strong>\u00a0\u2013 Va\u0161e informace n\u00e1m pom\u00e1haj\u00ed p\u0159izp\u016fsobit na\u0161i nab\u00eddku va\u0161im individu\u00e1ln\u00edm pot\u0159eb\u00e1m.<\/li>\r\n<li><strong>Zlep\u0161en\u00ed webov\u00e9 str\u00e1nky<\/strong>\u00a0\u2013 pravideln\u011b vylep\u0161ujeme na\u0161i webovou str\u00e1nku na z\u00e1klad\u011b informac\u00ed a zp\u011btn\u00e9 vazby, kterou n\u00e1m d\u00e1v\u00e1te.<\/li>\r\n<li><strong>Vylep\u0161en\u00ed z\u00e1kaznick\u00e9 podpory<\/strong>\u00a0\u2013 Va\u0161e informace n\u00e1m pom\u00e1haj\u00ed efektivn\u011b odpov\u00eddat na va\u0161e po\u017eadavky a pot\u0159eby.<\/li>\r\n<li><strong>Ke zpracov\u00e1n\u00ed transakc\u00ed<\/strong>\u00a0\u2013 Va\u0161e informace, ve\u0159ejn\u00e9 nebo neve\u0159ejn\u00e9, nebudou nikdy p\u0159ed\u00e1ny, vym\u011bn\u011bny nebo p\u0159ed\u00e1ny t\u0159et\u00edm stran\u00e1m bez Va\u0161eho souhlasu, s v\u00fdjimkou \u00fadaj\u016f nutn\u00fdch pro zpracov\u00e1n\u00ed platebn\u00edch transakc\u00ed a doru\u010den\u00ed zbo\u017e\u00ed.<\/li>\r\n<li><strong>Ke zpracov\u00e1v\u00e1n\u00ed v\u00fdsledk\u016f sout\u011b\u017e\u00ed, promoakc\u00ed, anket apod.<\/strong><\/li>\r\n<li><strong>K odes\u00edl\u00e1n\u00ed email\u016f<\/strong>\u00a0\u2013 emailov\u00e1 adresa, kterou jste zadali na na\u0161ich str\u00e1nk\u00e1ch, m\u016f\u017ee b\u00fdt pou\u017eita k odes\u00edl\u00e1n\u00ed informac\u00ed\u00ed a aktualizac\u00ed t\u00fdkaj\u00edc\u00ed se Va\u0161\u00ed objedn\u00e1vky. Tak\u00e9 pro odes\u00edl\u00e1n\u00ed novinek, rad, tip\u016f a trik\u016f, informace o produktech a slu\u017eb\u00e1ch, o p\u0159ipravovan\u00fdch akc\u00edch, atd.<\/li>\r\n<\/ul>\r\n<p><em>Pokud se budete cht\u00edt kdykoli odhl\u00e1sit z odeb\u00edr\u00e1n\u00ed email\u016f, sta\u010d\u00ed, kdy\u017e kliknete na odhla\u0161ovac\u00ed odkaz, kter\u00fd je um\u00edst\u011bn v emailu, nebo n\u00e1m napi\u0161te a my v\u00e1s odhl\u00e1s\u00edme.<\/em><\/p>\r\n<p><strong>Jste v bezpe\u010d\u00ed<\/strong><\/p>\r\n<p>Je pro n\u00e1s prvo\u0159ad\u00e9, aby va\u0161e osobn\u00ed \u00fadaje byly v bezpe\u010d\u00ed. Provedli jsme r\u016fzn\u00e9 bezpe\u010dnostn\u00ed syst\u00e9my pro ochranu \u00fadaj\u016f. S vylep\u0161ov\u00e1n\u00edm technologi\u00ed vylep\u0161ujeme i tyto bezpe\u010dnostn\u00ed syst\u00e9my. Z\u00e1rove\u0148 opr\u00e1vn\u011bn\u00e9 osoby, kter\u00e9 p\u0159ich\u00e1zej\u00ed do kontaktu s Va\u0161imi \u00fadaji, jsou n\u00e1le\u017eit\u011b pou\u010deny o povinnosti zachov\u00e1vat ml\u010denlivost.<\/p>\r\n<p><strong>Neposkytujeme va\u0161e \u00fadaje t\u0159et\u00edm stran\u00e1m<\/strong><\/p>\r\n<p>Neprod\u00e1v\u00e1me, neobchodujeme ani \u017e\u00e1dn\u00fdm jin\u00fdm zp\u016fsobem neposkytujeme Va\u0161e osobn\u00ed \u00fadaje t\u0159et\u00edm stran\u00e1m. V\u00fdjimkou jsou ov\u011b\u0159en\u00ed a spolehliv\u00ed partne\u0159i, kte\u0159\u00ed n\u00e1m asistuj\u00ed p\u0159i vytv\u00e1\u0159en\u00ed webov\u00fdch str\u00e1nek, spolupracuj\u00ed na na\u0161ich projektech a obsluhuj\u00ed V\u00e1s. Tito partne\u0159i jsou v\u00e1z\u00e1ni diskr\u00e9tnost\u00ed, zav\u00e1zali se k ml\u010denlivosti a t\u00edm souhlasili s uchov\u00e1v\u00e1n\u00edm Va\u0161ich \u00fadaj\u016f v bezpe\u010d\u00ed a pova\u017euj\u00ed je za d\u016fv\u011brn\u00e9.<\/p>\r\n<p>P\u0159ed\u00e1n\u00ed va\u0161ich osobn\u00edch \u00fadaj\u016f st\u00e1tn\u00edm organizac\u00edm je pouze na z\u00e1klad\u011b \u0159\u00e1dn\u011b vystaven\u00fdch a pravomocn\u00fdch pr\u00e1vn\u00edch rozhodnut\u00ed v souladu se z\u00e1konem \u010cesk\u00e9 republiky.<\/p>\r\n<p><strong>Mo\u017enost odhl\u00e1\u0161en\u00ed<\/strong><\/p>\r\n<p>Va\u0161e osobn\u00ed \u00fadaje pou\u017e\u00edv\u00e1me k tomu, abychom V\u00e1s mohli informovat o na\u0161ich projektech, slu\u017eb\u00e1ch a produktech, anket\u00e1ch. Va\u0161e \u00fa\u010dast je samoz\u0159ejm\u011b dobrovoln\u00e1. Pokud byste s p\u0159ij\u00edm\u00e1n\u00edm t\u011bchto informac\u00ed nesouhlasili, m\u016f\u017eete n\u00e1m to kdykoli sd\u011blit, abychom va\u0161e \u00fadaje zablokovali.<\/p>\r\n<p>Z odb\u011bru emailov\u00fdch zpr\u00e1v se m\u016f\u017eete kdykoli odhl\u00e1sit i sami. Sta\u010d\u00ed kliknout na p\u0159ilo\u017een\u00fd odhla\u0161ovac\u00ed odkaz v emailu, p\u0159\u00edpadn\u011b n\u00e1m zp\u011btn\u011b napsat, \u017ee si ji\u017e emaily nep\u0159ejete dost\u00e1v\u00e1 my v\u00e1s odhl\u00e1s\u00edme.<\/p>\r\n<p><strong>Va\u0161e pr\u00e1va<\/strong><\/p>\r\n<p>Jako doty\u010dn\u00e1 osoba, tzn. j. osoba, jej\u00ed\u017e osobn\u00ed \u00fadaje se zpracov\u00e1vaj\u00ed &#8211; m\u00e1te pr\u00e1vo b\u00fdt informov\u00e1n o \u00fadaj\u00edch provozovatele &#8211; tzn. osoby, kter\u00e1 Va\u0161e \u00fadaje zpracov\u00e1v\u00e1 a odpov\u011bdn\u00e9 osoby.<\/p>\r\n<p>Provozovatelem pro \u00fa\u010dely zpracov\u00e1n\u00ed \u00fadaj\u016f prost\u0159ednictv\u00edm webov\u00e9ho port\u00e1lu stedravecera.sk je:<br\/><strong>POM\u00c1HEJME SI ONLINE, o.z.<\/strong><br\/><strong>I\u010c: 53\u00a0050\u00a0053<\/strong> p>\n<\/p>","protected":false},"excerpt":{"rendered":"<p>BEZPE\u010cNOST A OCHRANA INFORMAC\u00cd A OSOBN\u00cdCH \u00daDAJ\u016e Provozovatel e-shopu jako spr\u00e1vce osobn\u00edch \u00fadaj\u016f (d\u00e1le jen \u201cSpr\u00e1vce\u201d) t\u00edmto v souladu s ustanoven\u00edm \u010dl. 1.2. 13 Na\u0159\u00edzen\u00ed Evropsk\u00e9ho parlamentu a Rady (EU) \u010d . 2016\/679 ze dne 27. dubna 2016, obecn\u00e9ho na\u0159\u00edzen\u00ed o ochran\u011b osobn\u00edch \u00fadaj\u016f ( d\u00e1le jen \u201eNa\u0159\u00edzen\u00ed\u201c), informuje sv\u00e9 z\u00e1kazn\u00edky (d\u00e1le jednotliv\u011b jen \u201eSubjekt [&#8230;]\n","protected":false},"author":1,"featured_media":0,"parent":0,"menu_order":0,"comment_status":"closed","ping_status":"closed","template":"","meta":{"_monsterinsights_skip_tracking":false,"_monsterinsights_sitenote_active":false,"_monsterinsights_sitenote_note":"","_monsterinsights_sitenote_category":0,"footnotes":""},"yoast_head":"<!-- This site is optimized with the Yoast SEO plugin v22.6 - https:\/\/yoast.com\/wordpress\/plugins\/seo\/ -->\n<title>GDPR - DONATINO EU<\/title>\n<meta name=\"robots\" content=\"index, follow, max-snippet:-1, max-image-preview:large, max-video-preview:-1\" \/>\n<link rel=\"canonical\" href=\"https:\/\/donatino.eu\/cs\/gdpr\/\" \/>\n<meta property=\"og:locale\" content=\"cs_CZ\" \/>\n<meta property=\"og:type\" content=\"article\" \/>\n<meta property=\"og:title\" content=\"GDPR - DONATINO EU\" \/>\n<meta property=\"og:description\" content=\"BEZPE\u010cNOST A OCHRANA INFORMAC\u00cd A OSOBN\u00cdCH \u00daDAJ\u016e Provozovatel e-shopu jako spr\u00e1vce osobn\u00edch \u00fadaj\u016f (d\u00e1le jen \u201cSpr\u00e1vce\u201d) t\u00edmto v souladu s ustanoven\u00edm \u010dl. 1.2. 13 Na\u0159\u00edzen\u00ed Evropsk\u00e9ho parlamentu a Rady (EU) \u010d . 2016\/679 ze dne 27. dubna 2016, obecn\u00e9ho na\u0159\u00edzen\u00ed o ochran\u011b osobn\u00edch \u00fadaj\u016f ( d\u00e1le jen \u201eNa\u0159\u00edzen\u00ed\u201c), informuje sv\u00e9 z\u00e1kazn\u00edky (d\u00e1le jednotliv\u011b jen \u201eSubjekt [...]\" \/>\n<meta property=\"og:url\" content=\"https:\/\/donatino.eu\/cs\/gdpr\/\" \/>\n<meta property=\"og:site_name\" content=\"DONATINO EU\" \/>\n<meta property=\"article:modified_time\" content=\"2022-10-23T12:26:20+00:00\" \/>\n<meta name=\"twitter:card\" content=\"summary_large_image\" \/>\n<script type=\"application\/ld+json\" class=\"yoast-schema-graph\">{\"@context\":\"https:\/\/schema.org\",\"@graph\":[{\"@type\":\"WebPage\",\"@id\":\"https:\/\/donatino.eu\/cs\/gdpr\/\",\"url\":\"https:\/\/donatino.eu\/cs\/gdpr\/\",\"name\":\"GDPR - DONATINO EU\",\"isPartOf\":{\"@id\":\"https:\/\/donatino.eu\/#website\"},\"datePublished\":\"2021-03-29T14:40:14+00:00\",\"dateModified\":\"2022-10-23T12:26:20+00:00\",\"breadcrumb\":{\"@id\":\"https:\/\/donatino.eu\/cs\/gdpr\/#breadcrumb\"},\"inLanguage\":\"cs\",\"potentialAction\":[{\"@type\":\"ReadAction\",\"target\":[\"https:\/\/donatino.eu\/cs\/gdpr\/\"]}]},{\"@type\":\"BreadcrumbList\",\"@id\":\"https:\/\/donatino.eu\/cs\/gdpr\/#breadcrumb\",\"itemListElement\":[{\"@type\":\"ListItem\",\"position\":1,\"name\":\"Home\",\"item\":\"https:\/\/donatino.eu\/cs\/\"},{\"@type\":\"ListItem\",\"position\":2,\"name\":\"GDPR\"}]},{\"@type\":\"WebSite\",\"@id\":\"https:\/\/donatino.eu\/#website\",\"url\":\"https:\/\/donatino.eu\/\",\"name\":\"DONATINO EU\",\"description\":\"\",\"potentialAction\":[{\"@type\":\"SearchAction\",\"target\":{\"@type\":\"EntryPoint\",\"urlTemplate\":\"https:\/\/donatino.eu\/?s={search_term_string}\"},\"query-input\":\"required name=search_term_string\"}],\"inLanguage\":\"cs\"}]}<\/script>\n<!-- \/ Yoast SEO plugin. -->","yoast_head_json":{"title":"GDPR - DONATINO EU","robots":{"index":"index","follow":"follow","max-snippet":"max-snippet:-1","max-image-preview":"max-image-preview:large","max-video-preview":"max-video-preview:-1"},"canonical":"https:\/\/donatino.eu\/cs\/gdpr\/","og_locale":"cs_CZ","og_type":"article","og_title":"GDPR - DONATINO EU","og_description":"BEZPE\u010cNOST A OCHRANA INFORMAC\u00cd A OSOBN\u00cdCH \u00daDAJ\u016e Provozovatel e-shopu jako spr\u00e1vce osobn\u00edch \u00fadaj\u016f (d\u00e1le jen \u201cSpr\u00e1vce\u201d) t\u00edmto v souladu s ustanoven\u00edm \u010dl. 1.2. 13 Na\u0159\u00edzen\u00ed Evropsk\u00e9ho parlamentu a Rady (EU) \u010d . 2016\/679 ze dne 27. dubna 2016, obecn\u00e9ho na\u0159\u00edzen\u00ed o ochran\u011b osobn\u00edch \u00fadaj\u016f ( d\u00e1le jen \u201eNa\u0159\u00edzen\u00ed\u201c), informuje sv\u00e9 z\u00e1kazn\u00edky (d\u00e1le jednotliv\u011b jen \u201eSubjekt [...]","og_url":"https:\/\/donatino.eu\/cs\/gdpr\/","og_site_name":"DONATINO EU","article_modified_time":"2022-10-23T12:26:20+00:00","twitter_card":"summary_large_image","schema":{"@context":"https:\/\/schema.org","@graph":[{"@type":"WebPage","@id":"https:\/\/donatino.eu\/cs\/gdpr\/","url":"https:\/\/donatino.eu\/cs\/gdpr\/","name":"GDPR - DONATINO EU","isPartOf":{"@id":"https:\/\/donatino.eu\/#website"},"datePublished":"2021-03-29T14:40:14+00:00","dateModified":"2022-10-23T12:26:20+00:00","breadcrumb":{"@id":"https:\/\/donatino.eu\/cs\/gdpr\/#breadcrumb"},"inLanguage":"cs","potentialAction":[{"@type":"ReadAction","target":["https:\/\/donatino.eu\/cs\/gdpr\/"]}]},{"@type":"BreadcrumbList","@id":"https:\/\/donatino.eu\/cs\/gdpr\/#breadcrumb","itemListElement":[{"@type":"ListItem","position":1,"name":"Home","item":"https:\/\/donatino.eu\/cs\/"},{"@type":"ListItem","position":2,"name":"GDPR"}]},{"@type":"WebSite","@id":"https:\/\/donatino.eu\/#website","url":"https:\/\/donatino.eu\/","name":"DONATINO EU","description":"","potentialAction":[{"@type":"SearchAction","target":{"@type":"EntryPoint","urlTemplate":"https:\/\/donatino.eu\/?s={search_term_string}"},"query-input":"required name=search_term_string"}],"inLanguage":"cs"}]}},"_links":{"self":[{"href":"https:\/\/donatino.eu\/cs\/wp-json\/wp\/v2\/pages\/778"}],"collection":[{"href":"https:\/\/donatino.eu\/cs\/wp-json\/wp\/v2\/pages"}],"about":[{"href":"https:\/\/donatino.eu\/cs\/wp-json\/wp\/v2\/types\/page"}],"author":[{"embeddable":true,"href":"https:\/\/donatino.eu\/cs\/wp-json\/wp\/v2\/users\/1"}],"replies":[{"embeddable":true,"href":"https:\/\/donatino.eu\/cs\/wp-json\/wp\/v2\/comments?post=778"}],"version-history":[{"count":2,"href":"https:\/\/donatino.eu\/cs\/wp-json\/wp\/v2\/pages\/778\/revisions"}],"predecessor-version":[{"id":780,"href":"https:\/\/donatino.eu\/cs\/wp-json\/wp\/v2\/pages\/778\/revisions\/780"}],"wp:attachment":[{"href":"https:\/\/donatino.eu\/cs\/wp-json\/wp\/v2\/media?parent=778"}],"curies":[{"name":"wp","href":"https:\/\/api.w.org\/{rel}","templated":true}]}}