{"id":773,"date":"2022-01-29T18:19:45","date_gmt":"2022-01-29T17:19:45","guid":{"rendered":"https:\/\/donatino.eu\/kontakt\/"},"modified":"2024-04-29T11:29:30","modified_gmt":"2024-04-29T09:29:30","slug":"kontakt","status":"publish","type":"page","link":"https:\/\/donatino.eu\/cs\/kontakt\/","title":{"rendered":"Kontaktujte n\u00e1s"},"content":{"rendered":"\n  <div class=\"banner has-hover bg-color\" id=\"banner-1367708565\">\n          <div class=\"banner-inner fill\">\n        <div class=\"banner-bg fill\" >\n            <div class=\"bg fill bg-fill \"><\/div>\n                        <div class=\"overlay\"><\/div>            \n                    <\/div>\n\t\t\n        <div class=\"banner-layers container\">\n            <div class=\"fill banner-link\"><\/div>            \n   <div id=\"text-box-819701636\" class=\"text-box banner-layer x50 md-x50 lg-x50 y50 md-y50 lg-y50 res-text\">\n                                <div class=\"text-box-content text dark\">\n              \n              <div class=\"text-inner text-center\">\n                  \n<h2>KONTAKTUJTE N\u00c1S<\/h2>\n              <\/div>\n           <\/div>\n                            \n<style>\n#text-box-819701636 {\n  width: 60%;\n}\n#text-box-819701636 .text-box-content {\n  font-size: 100%;\n}\n<\/style>\n    <\/div>\n \n        <\/div>\n      <\/div>\n\n            \n<style>\n#banner-1367708565 {\n  padding-top: 282px;\n}\n#banner-1367708565 .bg.bg-loaded {\n  background-image: url(https:\/\/donatino.eu\/wp-content\/uploads\/2021\/03\/Sni\u0301mka-obrazovky-2021-03-29-o-16.21.03-1290x800.jpg);\n}\n#banner-1367708565 .overlay {\n  background-color: rgba(0, 0, 0, 0.57);\n}\n<\/style>\n  <\/div>\n\n\n\t<section class=\"section dark\" id=\"section_12412807\">\n\t\t<div class=\"bg section-bg fill bg-fill  bg-loaded\" >\n\n\t\t\t\n\t\t\t\n\t\t\t\n\n\t\t<\/div>\n\n\t\t\n\n\t\t<div class=\"section-content relative\">\n\t\t\t\n<div class=\"row align-middle align-center row-divided\"  id=\"row-1277961968\">\n\n\t<div id=\"col-276641349\" class=\"col medium-4 small-12 large-4\"  >\n\t\t\t\t<div class=\"col-inner text-left\"  >\n\t\t\t\n\t\t\t\n<p style=\"text-align: left;\"><span style=\"font-size: 130%;\"><strong>FAKTURA\u010cN\u00cd \u00daDAJE<\/strong><\/span><\/p>\n<p style=\"text-align: left;\">DONATINO CZ, z.s.<br \/>B\u011blocerkevsk\u00e1 584\/25, Vr\u0161ovice (Praha 10)<br \/>I\u010cO: 17150850<\/p>\n\t\t<\/div>\n\t\t\t\t\t<\/div>\n\n\t\n\n\t<div id=\"col-364174684\" class=\"col medium-4 small-12 large-4\"  >\n\t\t\t\t<div class=\"col-inner text-left\"  >\n\t\t\t\n\t\t\t\n<p style=\"text-align: left;\"><span style=\"font-size: 130%;\"><strong>KONTAKTN\u00cd \u00daDAJE<\/strong><\/span><\/p>\n<p style=\"text-align: left;\">Centr\u00e1la (Praha)<br \/>+420 731 477 416<br \/>info@donatino.eu<\/p>\n\t\t<\/div>\n\t\t\t\t\t<\/div>\n\n\t\n\n\t<div id=\"col-1218368709\" class=\"col medium-4 small-12 large-4\"  >\n\t\t\t\t<div class=\"col-inner text-left\"  >\n\t\t\t\n\t\t\t\n<p style=\"text-align: left;\"><span style=\"font-size: 130%;\"><strong>BANKOV\u00c9 SPOJEN\u00cd<\/strong><\/span><\/p>\n<p class=\"p1\" style=\"text-align: left;\">Nazov \u00fa\u010dtu &#8211; DONATINO CZ, z.s.<br \/>N\u00e1zov banky &#8211; Fio banka, a.s.<br \/>\u010c\u00edslo \u00fa\u010dtu &#8211; 2502276284 \/ 2010<\/p>\n\t\t<\/div>\n\t\t\t\t\t<\/div>\n\n\t\n<\/div>\n\t\t<\/div>\n\n\t\t\n<style>\n#section_12412807 {\n  padding-top: 30px;\n  padding-bottom: 30px;\n  background-color: rgb(236, 99, 94);\n}\n<\/style>\n\t<\/section>\n\t\n<div class=\"row\"  id=\"row-81441387\">\n\n\t<div id=\"col-512679560\" class=\"col large-12\"  >\n\t\t\t\t<div class=\"col-inner\"  >\n\t\t\t\n\t\t\t\n<p><strong><span style=\"font-size: 250%;\">SPOJTE SE S NA\u0160\u00edMI <span style=\"color: #e14d43;\">AMBAS\u00c1DORY \u270c\ufe0f<\/span><\/span><\/strong><\/p>\n<div class=\"accordion\">\n\t<div id=\"accordion-1566196979\" class=\"accordion-item\">\n\t\t<a id=\"accordion-1566196979-label\" class=\"accordion-title plain\" href=\"#accordion-item-slovakia\" aria-expanded=\"false\" aria-controls=\"accordion-1566196979-content\" >\n\t\t\t<button class=\"toggle\" aria-label=\"P\u0159epnout\"><i class=\"icon-angle-down\"><\/i><\/button>\n\t\t\t<span>SLOVAKIA<\/span>\n\t\t<\/a>\n\t\t<div id=\"accordion-1566196979-content\" class=\"accordion-inner\" aria-labelledby=\"accordion-1566196979-label\" >\n\t\t\t\n<p>Lukas Kvasnica<br \/>Chief Executive Officer<br \/>lukas@donatino.eu<br \/>+421 908 478 270<\/p>\n\t\t<\/div>\n\t<\/div>\n\t\n\t<div id=\"accordion-38673993\" class=\"accordion-item\">\n\t\t<a id=\"accordion-38673993-label\" class=\"accordion-title plain\" href=\"#accordion-item-czech-republic\" aria-expanded=\"false\" aria-controls=\"accordion-38673993-content\" >\n\t\t\t<button class=\"toggle\" aria-label=\"P\u0159epnout\"><i class=\"icon-angle-down\"><\/i><\/button>\n\t\t\t<span>CZECH REPUBLIC<\/span>\n\t\t<\/a>\n\t\t<div id=\"accordion-38673993-content\" class=\"accordion-inner\" aria-labelledby=\"accordion-38673993-label\" >\n\t\t\t\n<p><strong>Richard \u010cesk\u00fd<\/strong><br \/>Country Executive Officer<br \/>richard@donatino.eu<br \/>+420 731 477 416<\/p>\n\t\t<\/div>\n\t<\/div>\n\t\n\t<div id=\"accordion-2112018528\" class=\"accordion-item\">\n\t\t<a id=\"accordion-2112018528-label\" class=\"accordion-title plain\" href=\"#accordion-item-hungary\" aria-expanded=\"false\" aria-controls=\"accordion-2112018528-content\" >\n\t\t\t<button class=\"toggle\" aria-label=\"P\u0159epnout\"><i class=\"icon-angle-down\"><\/i><\/button>\n\t\t\t<span>HUNGARY<\/span>\n\t\t<\/a>\n\t\t<div id=\"accordion-2112018528-content\" class=\"accordion-inner\" aria-labelledby=\"accordion-2112018528-label\" >\n\t\t\t\n<p><strong>Dominika Podluck\u00e1<\/strong><br \/>Country Executive Officer<br \/>dominika@donatino.eu<br \/>+421 918 989 842<\/p>\n\t\t<\/div>\n\t<\/div>\n\t\n<\/div>\n\t\t<\/div>\n\t\t\t\t\t<\/div>\n\n\t\n<\/div>\n<div class=\"message-box relative dark\" style=\"padding-top:15px;padding-bottom:15px;\"><div class=\"message-box-bg-image bg-fill fill\" ><\/div><div class=\"message-box-bg-overlay bg-fill fill\" style=\"background-color:rgb(236, 99, 94);\"><\/div><div class=\"container relative\"><div class=\"inner last-reset\">\n<div class=\"row align-middle align-center\"  id=\"row-1523046326\">\n\n\t<div id=\"col-183344793\" class=\"col medium-7 small-12 large-7\"  >\n\t\t\t\t<div class=\"col-inner\"  >\n\t\t\t\n\t\t\t\n<p><span style=\"font-size: 140%;\">KONTAKT PRO MEDIA<\/span><\/p>\n\t\t<\/div>\n\t\t\t\t\t<\/div>\n\n\t\n\n\t<div id=\"col-753282501\" class=\"col medium-4 small-12 large-4\"  >\n\t\t\t\t<div class=\"col-inner text-center\"  >\n\t\t\t\n\t\t\t\n<p><span style=\"font-size: 105%;\"><strong>media@donatino.eu<\/strong><\/span><\/p>\n\t\t<\/div>\n\t\t\t\t\t<\/div>\n\n\t\n<\/div>\n<\/div><\/div><\/div>\n","protected":false},"excerpt":{"rendered":"","protected":false},"author":1,"featured_media":0,"parent":0,"menu_order":0,"comment_status":"closed","ping_status":"closed","template":"page-single-page-nav-transparent-light.php","meta":{"_monsterinsights_skip_tracking":false,"_monsterinsights_sitenote_active":false,"_monsterinsights_sitenote_note":"","_monsterinsights_sitenote_category":0,"footnotes":""},"yoast_head":"<!-- This site is optimized with the Yoast SEO plugin v22.6 - https:\/\/yoast.com\/wordpress\/plugins\/seo\/ -->\n<title>Kontaktujte n\u00e1s - DONATINO EU<\/title>\n<meta name=\"robots\" content=\"index, follow, max-snippet:-1, max-image-preview:large, max-video-preview:-1\" \/>\n<link rel=\"canonical\" href=\"https:\/\/donatino.eu\/cs\/kontakt\/\" \/>\n<meta property=\"og:locale\" content=\"cs_CZ\" \/>\n<meta property=\"og:type\" content=\"article\" \/>\n<meta property=\"og:title\" content=\"Kontaktujte n\u00e1s - DONATINO EU\" \/>\n<meta property=\"og:url\" content=\"https:\/\/donatino.eu\/cs\/kontakt\/\" \/>\n<meta property=\"og:site_name\" content=\"DONATINO EU\" \/>\n<meta property=\"article:modified_time\" content=\"2024-04-29T09:29:30+00:00\" \/>\n<meta name=\"twitter:card\" content=\"summary_large_image\" \/>\n<meta name=\"twitter:label1\" content=\"Odhadovan\u00e1 doba \u010dten\u00ed\" \/>\n\t<meta name=\"twitter:data1\" content=\"1 minuta\" \/>\n<script type=\"application\/ld+json\" class=\"yoast-schema-graph\">{\"@context\":\"https:\/\/schema.org\",\"@graph\":[{\"@type\":\"WebPage\",\"@id\":\"https:\/\/donatino.eu\/cs\/kontakt\/\",\"url\":\"https:\/\/donatino.eu\/cs\/kontakt\/\",\"name\":\"Kontaktujte n\u00e1s - DONATINO EU\",\"isPartOf\":{\"@id\":\"https:\/\/donatino.eu\/#website\"},\"datePublished\":\"2022-01-29T17:19:45+00:00\",\"dateModified\":\"2024-04-29T09:29:30+00:00\",\"breadcrumb\":{\"@id\":\"https:\/\/donatino.eu\/cs\/kontakt\/#breadcrumb\"},\"inLanguage\":\"cs\",\"potentialAction\":[{\"@type\":\"ReadAction\",\"target\":[\"https:\/\/donatino.eu\/cs\/kontakt\/\"]}]},{\"@type\":\"BreadcrumbList\",\"@id\":\"https:\/\/donatino.eu\/cs\/kontakt\/#breadcrumb\",\"itemListElement\":[{\"@type\":\"ListItem\",\"position\":1,\"name\":\"Home\",\"item\":\"https:\/\/donatino.eu\/cs\/\"},{\"@type\":\"ListItem\",\"position\":2,\"name\":\"Kontaktujte n\u00e1s\"}]},{\"@type\":\"WebSite\",\"@id\":\"https:\/\/donatino.eu\/#website\",\"url\":\"https:\/\/donatino.eu\/\",\"name\":\"DONATINO EU\",\"description\":\"\",\"potentialAction\":[{\"@type\":\"SearchAction\",\"target\":{\"@type\":\"EntryPoint\",\"urlTemplate\":\"https:\/\/donatino.eu\/?s={search_term_string}\"},\"query-input\":\"required name=search_term_string\"}],\"inLanguage\":\"cs\"}]}<\/script>\n<!-- \/ Yoast SEO plugin. -->","yoast_head_json":{"title":"Kontaktujte n\u00e1s - DONATINO EU","robots":{"index":"index","follow":"follow","max-snippet":"max-snippet:-1","max-image-preview":"max-image-preview:large","max-video-preview":"max-video-preview:-1"},"canonical":"https:\/\/donatino.eu\/cs\/kontakt\/","og_locale":"cs_CZ","og_type":"article","og_title":"Kontaktujte n\u00e1s - DONATINO EU","og_url":"https:\/\/donatino.eu\/cs\/kontakt\/","og_site_name":"DONATINO EU","article_modified_time":"2024-04-29T09:29:30+00:00","twitter_card":"summary_large_image","twitter_misc":{"Odhadovan\u00e1 doba \u010dten\u00ed":"1 minuta"},"schema":{"@context":"https:\/\/schema.org","@graph":[{"@type":"WebPage","@id":"https:\/\/donatino.eu\/cs\/kontakt\/","url":"https:\/\/donatino.eu\/cs\/kontakt\/","name":"Kontaktujte n\u00e1s - DONATINO EU","isPartOf":{"@id":"https:\/\/donatino.eu\/#website"},"datePublished":"2022-01-29T17:19:45+00:00","dateModified":"2024-04-29T09:29:30+00:00","breadcrumb":{"@id":"https:\/\/donatino.eu\/cs\/kontakt\/#breadcrumb"},"inLanguage":"cs","potentialAction":[{"@type":"ReadAction","target":["https:\/\/donatino.eu\/cs\/kontakt\/"]}]},{"@type":"BreadcrumbList","@id":"https:\/\/donatino.eu\/cs\/kontakt\/#breadcrumb","itemListElement":[{"@type":"ListItem","position":1,"name":"Home","item":"https:\/\/donatino.eu\/cs\/"},{"@type":"ListItem","position":2,"name":"Kontaktujte n\u00e1s"}]},{"@type":"WebSite","@id":"https:\/\/donatino.eu\/#website","url":"https:\/\/donatino.eu\/","name":"DONATINO EU","description":"","potentialAction":[{"@type":"SearchAction","target":{"@type":"EntryPoint","urlTemplate":"https:\/\/donatino.eu\/?s={search_term_string}"},"query-input":"required name=search_term_string"}],"inLanguage":"cs"}]}},"_links":{"self":[{"href":"https:\/\/donatino.eu\/cs\/wp-json\/wp\/v2\/pages\/773"}],"collection":[{"href":"https:\/\/donatino.eu\/cs\/wp-json\/wp\/v2\/pages"}],"about":[{"href":"https:\/\/donatino.eu\/cs\/wp-json\/wp\/v2\/types\/page"}],"author":[{"embeddable":true,"href":"https:\/\/donatino.eu\/cs\/wp-json\/wp\/v2\/users\/1"}],"replies":[{"embeddable":true,"href":"https:\/\/donatino.eu\/cs\/wp-json\/wp\/v2\/comments?post=773"}],"version-history":[{"count":8,"href":"https:\/\/donatino.eu\/cs\/wp-json\/wp\/v2\/pages\/773\/revisions"}],"predecessor-version":[{"id":1329,"href":"https:\/\/donatino.eu\/cs\/wp-json\/wp\/v2\/pages\/773\/revisions\/1329"}],"wp:attachment":[{"href":"https:\/\/donatino.eu\/cs\/wp-json\/wp\/v2\/media?parent=773"}],"curies":[{"name":"wp","href":"https:\/\/api.w.org\/{rel}","templated":true}]}}