{"id":770,"date":"2022-01-29T18:21:56","date_gmt":"2022-01-29T17:21:56","guid":{"rendered":"https:\/\/donatino.eu\/o-nas\/"},"modified":"2025-10-06T19:22:55","modified_gmt":"2025-10-06T17:22:55","slug":"o-nas","status":"publish","type":"page","link":"https:\/\/donatino.eu\/cs\/o-nas\/","title":{"rendered":"Organizace"},"content":{"rendered":"\n  <div class=\"banner has-hover bg-color has-parallax\" id=\"banner-328739027\">\n          <div class=\"banner-inner fill\">\n        <div class=\"banner-bg fill\" data-parallax=\"-3\" data-parallax-container=\".banner\" data-parallax-background>\n            <div class=\"bg fill bg-fill \"><\/div>\n                        <div class=\"overlay\"><\/div>            \n                    <\/div>\n\t\t\n        <div class=\"banner-layers container\">\n            <div class=\"fill banner-link\"><\/div>            \n   <div id=\"text-box-540465719\" class=\"text-box banner-layer x50 md-x50 lg-x50 y75 md-y75 lg-y75 res-text\">\n                                <div class=\"text-box-content text dark\">\n              \n              <div class=\"text-inner text-center\">\n                  \n<h1 class=\"lead alt-font\"><span style=\"font-size: 140%;\">Kdo jsme<\/span><\/h1>\n              <\/div>\n           <\/div>\n                            \n<style>\n#text-box-540465719 {\n  width: 60%;\n}\n#text-box-540465719 .text-box-content {\n  font-size: 100%;\n}\n<\/style>\n    <\/div>\n \n        <\/div>\n      <\/div>\n\n            \n<style>\n#banner-328739027 {\n  padding-top: 288px;\n}\n#banner-328739027 .bg.bg-loaded {\n  background-image: url(https:\/\/donatino.eu\/wp-content\/uploads\/2021\/03\/pexels-helena-lopes-697243-1-1200x800.jpg);\n}\n#banner-328739027 .overlay {\n  background-color: rgba(0, 0, 0, 0.49);\n}\n<\/style>\n  <\/div>\n\n\n\t<section class=\"section has-parallax\" id=\"section_1186129931\">\n\t\t<div class=\"bg section-bg fill bg-fill  \" data-parallax-container=\".section\" data-parallax-background data-parallax=\"-3\">\n\n\t\t\t\n\t\t\t<div class=\"section-bg-overlay absolute fill\"><\/div>\n\t\t\t\n\n\t\t<\/div>\n\n\t\t\n\n\t\t<div class=\"section-content relative\">\n\t\t\t\n<div class=\"row\"  id=\"row-1194054182\">\n\n\t<div id=\"col-956308103\" class=\"col small-12 large-12\"  >\n\t\t\t\t<div class=\"col-inner text-center\"  >\n\t\t\t\n\t\t\t\n<p class=\"lead text-center\"><b>DONATINO <\/b>je mlad\u00e1 origanizace, kter\u00e1 se v\u011bnuje pomoci dosp\u011bl\u00fdm lidem v nouzi a d\u011btem z d\u011btsk\u00fdch domov\u016f. V\u011bt\u0161ina na\u0161ich aktivit prob\u00edh\u00e1 v online prost\u0159ed\u00ed, kde vytv\u00e1\u0159\u00edme r\u016fzn\u00e9 projekty na podporu v\u011bc\u00ed, na kter\u00fdch n\u00e1m z\u00e1le\u017e\u00ed.<\/p>\n\t\t<\/div>\n\t\t\t\t\t<\/div>\n\n\t\n<\/div>\n<div class=\"text-center\"><div class=\"is-divider divider clearfix\" ><\/div><\/div>\n<div class=\"row row-collapse row-full-width align-middle\"  id=\"row-252055978\">\n\n\t<div id=\"col-2057936599\" class=\"col medium-6 small-12 large-6\"  >\n\t\t\t\t<div class=\"col-inner text-left\"  >\n\t\t\t\n\t\t\t\n<h1 class=\"lead text-center alt-font\" style=\"text-align: left;\"><span style=\"font-size: 200%; color: #e14d43;\">N\u00e1\u0161 p\u0159\u00edb\u011bh \u270c\ufe0f<\/span><\/h1>\n<p class=\"lead text-center\" style=\"text-align: left;\"><span style=\"font-size: 75%;\"><em>N\u00e1\u0161 p\u0159\u00edb\u011bh je prozat\u00edm kr\u00e1tk\u00fd, ale pro n\u00e1s siln\u00fd. Za\u010dal se ps\u00e1t v roce <span style=\"color: #e14d43;\">2019<\/span> p\u0159i vzniku projektu &#8222;\u0160t\u011bdr\u00e1 Ve\u010de\u0159e&#8220;. Po p\u0159ekvapiv\u011b \u00fasp\u011b\u0161n\u00e9m v\u00fdsledku jsme v roce <span style=\"color: #e14d43;\">2020<\/span> zaregistrovali na\u0161e ob\u010dansk\u00e9 sdru\u017een\u00ed pod jm\u00e9nem POM\u00c1HEJME SI ONLINE a za\u010dali pl\u00e1novat. V jarn\u00edm obdob\u00ed <span style=\"color: #e14d43;\">2021<\/span> jsme spustili na\u0161i \u010dinnost pln\u011bn\u00ed sn\u016f d\u011btem v d\u011btsk\u00fdch domovech. Krom\u011b toho jsme nav\u00e1zali vazby se zahrani\u010dn\u00edmi organizacemi a expandovali do Ma\u010farska a \u010cesk\u00e9 republiky. Za\u010d\u00e1tkem roku <span style=\"color: #e14d43;\">2022<\/span> jsme jako mal\u00e1 (ale plnohodnotn\u00e1) mezin\u00e1rodn\u00ed organizace zm\u011bnili sv\u00e9 jm\u00e9no na n\u011bco zvu\u010dn\u011bj\u0161\u00edho &#8211; <strong>DONATINO!<\/strong><\/em><\/span><\/p>\n\t\t<\/div>\n\t\t\t\t\n<style>\n#col-2057936599 > .col-inner {\n  padding: 5% 5% 5% 5%;\n  max-width: 520px;\n}\n<\/style>\n\t<\/div>\n\n\t\n\n\t<div id=\"col-1013499620\" class=\"col medium-6 small-12 large-6\"  >\n\t\t\t\t<div class=\"col-inner text-right\"  >\n\t\t\t\n\t\t\t\n\t<div class=\"img has-hover x md-x lg-x y md-y lg-y\" id=\"image_1965497947\">\n\t\t\t\t\t\t\t\t<div class=\"img-inner image-color dark\" >\n\t\t\t<img loading=\"lazy\" decoding=\"async\" width=\"800\" height=\"800\" src=\"https:\/\/donatino.eu\/wp-content\/uploads\/2025\/10\/Dizajn-bez-nazvu-2025-10-06T141251.062-800x800.png\" class=\"attachment-large size-large\" alt=\"\" srcset=\"https:\/\/donatino.eu\/wp-content\/uploads\/2025\/10\/Dizajn-bez-nazvu-2025-10-06T141251.062-800x800.png 800w, https:\/\/donatino.eu\/wp-content\/uploads\/2025\/10\/Dizajn-bez-nazvu-2025-10-06T141251.062-400x400.png 400w, https:\/\/donatino.eu\/wp-content\/uploads\/2025\/10\/Dizajn-bez-nazvu-2025-10-06T141251.062-280x280.png 280w, https:\/\/donatino.eu\/wp-content\/uploads\/2025\/10\/Dizajn-bez-nazvu-2025-10-06T141251.062-768x768.png 768w, https:\/\/donatino.eu\/wp-content\/uploads\/2025\/10\/Dizajn-bez-nazvu-2025-10-06T141251.062-1536x1536.png 1536w, https:\/\/donatino.eu\/wp-content\/uploads\/2025\/10\/Dizajn-bez-nazvu-2025-10-06T141251.062-2048x2048.png 2048w, https:\/\/donatino.eu\/wp-content\/uploads\/2025\/10\/Dizajn-bez-nazvu-2025-10-06T141251.062-300x300.png 300w, https:\/\/donatino.eu\/wp-content\/uploads\/2025\/10\/Dizajn-bez-nazvu-2025-10-06T141251.062-600x600.png 600w, https:\/\/donatino.eu\/wp-content\/uploads\/2025\/10\/Dizajn-bez-nazvu-2025-10-06T141251.062-100x100.png 100w\" sizes=\"(max-width: 800px) 100vw, 800px\" \/>\t\t\t\t\t\t\n\t\t\t\t\t<\/div>\n\t\t\t\t\t\t\t\t\n<style>\n#image_1965497947 {\n  width: 96%;\n}\n<\/style>\n\t<\/div>\n\t\n\t\t<\/div>\n\t\t\t\t\t<\/div>\n\n\t\n<\/div>\n<div class=\"text-center\"><div class=\"is-divider divider clearfix\" ><\/div><\/div>\n\t\t<\/div>\n\n\t\t\n<style>\n#section_1186129931 {\n  padding-top: 30px;\n  padding-bottom: 30px;\n}\n#section_1186129931 .section-bg-overlay {\n  background-color: rgba(255, 255, 255, 0.6);\n}\n#section_1186129931 .section-bg.bg-loaded {\n  background-image: url(https:\/\/donatino.eu\/wp-content\/uploads\/2022\/03\/LOGO-DONATINO-square-7.png);\n}\n#section_1186129931 .section-bg {\n  background-position: 85% 7%;\n}\n<\/style>\n\t<\/section>\n\t\n\n  <div class=\"banner has-hover bg-color\" id=\"banner-1319129228\">\n          <div class=\"banner-inner fill\">\n        <div class=\"banner-bg fill\" >\n            <div class=\"bg fill bg-fill \"><\/div>\n                        <div class=\"overlay\"><\/div>            \n                    <\/div>\n\t\t\n        <div class=\"banner-layers container\">\n            <div class=\"fill banner-link\"><\/div>            \n   <div id=\"text-box-500663680\" class=\"text-box banner-layer x50 md-x50 lg-x50 y20 md-y20 lg-y20 res-text\">\n                                <div class=\"text-box-content text dark\">\n              \n              <div class=\"text-inner text-center\">\n                  \n<h3 class=\"uppercase\"><strong>P\u0159idejte se k n\u00e1m<\/strong><\/h3>\n<p>I kdy\u017e moment\u00e1ln\u011b nehled\u00e1me na pln\u00fd \u00favazek nikoho, dobrovoln\u00edk\u016f pro na\u0161e projekty nen\u00ed nikdy dost!<\/p>\n\n<div class=\"wpcf7 no-js\" id=\"wpcf7-f13-o1\" lang=\"en-US\" dir=\"ltr\">\n<div class=\"screen-reader-response\"><p role=\"status\" aria-live=\"polite\" aria-atomic=\"true\"><\/p> <ul><\/ul><\/div>\n<form action=\"\/cs\/wp-json\/wp\/v2\/pages\/770#wpcf7-f13-o1\" method=\"post\" class=\"wpcf7-form init\" aria-label=\"Contact form\" novalidate=\"novalidate\" data-status=\"init\">\n<div style=\"display: none;\">\n<input type=\"hidden\" name=\"_wpcf7\" value=\"13\" \/>\n<input type=\"hidden\" name=\"_wpcf7_version\" value=\"5.9.3\" \/>\n<input type=\"hidden\" name=\"_wpcf7_locale\" value=\"en_US\" \/>\n<input type=\"hidden\" name=\"_wpcf7_unit_tag\" value=\"wpcf7-f13-o1\" \/>\n<input type=\"hidden\" name=\"_wpcf7_container_post\" value=\"0\" \/>\n<input type=\"hidden\" name=\"_wpcf7_posted_data_hash\" value=\"\" \/>\n<input type=\"hidden\" name=\"_wpcf7_recaptcha_response\" value=\"\" \/>\n<\/div>\n<div class=\"form-flat\">\n\t<p><span class=\"wpcf7-form-control-wrap\" data-name=\"Meno\"><input size=\"40\" class=\"wpcf7-form-control wpcf7-text wpcf7-validates-as-required\" aria-required=\"true\" aria-invalid=\"false\" value=\"Va\u0161e meno\" type=\"text\" name=\"Meno\" \/><\/span>\n\t<\/p>\n\t<p><span class=\"wpcf7-form-control-wrap\" data-name=\"your-email\"><input size=\"40\" class=\"wpcf7-form-control wpcf7-email wpcf7-validates-as-required wpcf7-text wpcf7-validates-as-email\" aria-required=\"true\" aria-invalid=\"false\" placeholder=\"V\u00e1\u0161 email (povinn\u00e9)\" value=\"\" type=\"email\" name=\"your-email\" \/><\/span>\n\t<\/p>\n\t<p><span class=\"wpcf7-form-control-wrap\" data-name=\"Miesto\"><input size=\"40\" class=\"wpcf7-form-control wpcf7-text\" aria-invalid=\"false\" value=\"Mesto (napr\u00edklad Bratislava)\" type=\"text\" name=\"Miesto\" \/><\/span>\n\t<\/p>\n\t<p><input class=\"wpcf7-form-control wpcf7-submit has-spinner button\" type=\"submit\" value=\"Sign Up\" \/>\n\t<\/p>\n<\/div><div class=\"wpcf7-response-output\" aria-hidden=\"true\"><\/div>\n<\/form>\n<\/div>\n\n              <\/div>\n           <\/div>\n                            \n<style>\n#text-box-500663680 {\n  width: 48%;\n}\n#text-box-500663680 .text-box-content {\n  font-size: 100%;\n}\n<\/style>\n    <\/div>\n \n        <\/div>\n      <\/div>\n\n            \n<style>\n#banner-1319129228 {\n  padding-top: 494px;\n}\n#banner-1319129228 .bg.bg-loaded {\n  background-image: url(https:\/\/donatino.eu\/wp-content\/uploads\/2021\/03\/14-1141x800.jpg);\n}\n#banner-1319129228 .overlay {\n  background-color: rgba(0, 0, 0, 0.42);\n}\n#banner-1319129228 .bg {\n  background-position: 2% 36%;\n}\n<\/style>\n  <\/div>\n\n\n\t<div id=\"gap-715385095\" class=\"gap-element clearfix\" style=\"display:block; height:auto;\">\n\t\t\n<style>\n#gap-715385095 {\n  padding-top: 30px;\n}\n<\/style>\n\t<\/div>\n\t\n<div class=\"text-center\"><div class=\"is-divider divider clearfix\" ><\/div><\/div>\n<h1 class=\"alt-font\" style=\"text-align: center;\"><span style=\"font-size: 200%; color: #e14d43;\">Napsali o n\u00e1s<\/span><\/h1>\n\t<div id=\"gap-684754670\" class=\"gap-element clearfix\" style=\"display:block; height:auto;\">\n\t\t\n<style>\n#gap-684754670 {\n  padding-top: 30px;\n}\n<\/style>\n\t<\/div>\n\t\n<div class=\"row align-middle align-center\"  id=\"row-303323448\">\n\n\t<div id=\"col-1313754904\" class=\"col medium-4 small-12 large-4\"  >\n\t\t\t\t<div class=\"col-inner text-center\"  >\n\t\t\t\n\t\t\t\n\t<div class=\"img has-hover x md-x lg-x y md-y lg-y\" id=\"image_615909800\">\n\t\t\t\t\t\t\t\t<div class=\"img-inner image-color dark\" >\n\t\t\t<img loading=\"lazy\" decoding=\"async\" width=\"304\" height=\"140\" src=\"https:\/\/donatino.eu\/wp-content\/uploads\/2022\/01\/Sni\u0301mka-obrazovky-2022-01-25-o-17.34.29.png\" class=\"attachment-large size-large\" alt=\"\" \/>\t\t\t\t\t\t\n\t\t\t\t\t<\/div>\n\t\t\t\t\t\t\t\t\n<style>\n#image_615909800 {\n  width: 62%;\n}\n<\/style>\n\t<\/div>\n\t\n\t\t<\/div>\n\t\t\t\t\t<\/div>\n\n\t\n\n\t<div id=\"col-492544993\" class=\"col medium-4 small-12 large-4\"  >\n\t\t\t\t<div class=\"col-inner text-center\"  >\n\t\t\t\n\t\t\t\n\t<div class=\"img has-hover x md-x lg-x y md-y lg-y\" id=\"image_1154723344\">\n\t\t\t\t\t\t\t\t<div class=\"img-inner image-color dark\" >\n\t\t\t<img loading=\"lazy\" decoding=\"async\" width=\"346\" height=\"232\" src=\"https:\/\/donatino.eu\/wp-content\/uploads\/2022\/01\/Sni\u0301mka-obrazovky-2022-01-25-o-17.34.18.png\" class=\"attachment-large size-large\" alt=\"\" \/>\t\t\t\t\t\t\n\t\t\t\t\t<\/div>\n\t\t\t\t\t\t\t\t\n<style>\n#image_1154723344 {\n  width: 58%;\n}\n<\/style>\n\t<\/div>\n\t\n\t\t<\/div>\n\t\t\t\t\t<\/div>\n\n\t\n\n\t<div id=\"col-541898667\" class=\"col medium-4 small-12 large-4\"  >\n\t\t\t\t<div class=\"col-inner text-center\"  >\n\t\t\t\n\t\t\t\n\t<div class=\"img has-hover x md-x lg-x y md-y lg-y\" id=\"image_1652913133\">\n\t\t\t\t\t\t\t\t<div class=\"img-inner image-color dark\" >\n\t\t\t<img loading=\"lazy\" decoding=\"async\" width=\"704\" height=\"206\" src=\"https:\/\/donatino.eu\/wp-content\/uploads\/2022\/01\/Sni\u0301mka-obrazovky-2022-01-25-o-17.34.47.png\" class=\"attachment-large size-large\" alt=\"\" srcset=\"https:\/\/donatino.eu\/wp-content\/uploads\/2022\/01\/Sni\u0301mka-obrazovky-2022-01-25-o-17.34.47.png 704w, https:\/\/donatino.eu\/wp-content\/uploads\/2022\/01\/Sni\u0301mka-obrazovky-2022-01-25-o-17.34.47-600x176.png 600w\" sizes=\"(max-width: 704px) 100vw, 704px\" \/>\t\t\t\t\t\t\n\t\t\t\t\t<\/div>\n\t\t\t\t\t\t\t\t\n<style>\n#image_1652913133 {\n  width: 100%;\n}\n<\/style>\n\t<\/div>\n\t\n\t\t<\/div>\n\t\t\t\t\t<\/div>\n\n\t\n<\/div>\n","protected":false},"excerpt":{"rendered":"<p>Napsali o n\u00e1s<\/p>\n","protected":false},"author":1,"featured_media":0,"parent":0,"menu_order":0,"comment_status":"closed","ping_status":"closed","template":"page-single-page-nav-transparent-light.php","meta":{"_monsterinsights_skip_tracking":false,"_monsterinsights_sitenote_active":false,"_monsterinsights_sitenote_note":"","_monsterinsights_sitenote_category":0,"footnotes":""},"yoast_head":"<!-- This site is optimized with the Yoast SEO plugin v22.6 - https:\/\/yoast.com\/wordpress\/plugins\/seo\/ -->\n<title>Organizace - DONATINO EU<\/title>\n<meta name=\"robots\" content=\"index, follow, max-snippet:-1, max-image-preview:large, max-video-preview:-1\" \/>\n<link rel=\"canonical\" href=\"https:\/\/donatino.eu\/cs\/o-nas\/\" \/>\n<meta property=\"og:locale\" content=\"cs_CZ\" \/>\n<meta property=\"og:type\" content=\"article\" \/>\n<meta property=\"og:title\" content=\"Organizace - DONATINO EU\" \/>\n<meta property=\"og:description\" content=\"Napsali o n\u00e1s\" \/>\n<meta property=\"og:url\" content=\"https:\/\/donatino.eu\/cs\/o-nas\/\" \/>\n<meta property=\"og:site_name\" content=\"DONATINO EU\" \/>\n<meta property=\"article:modified_time\" content=\"2025-10-06T17:22:55+00:00\" \/>\n<meta name=\"twitter:card\" content=\"summary_large_image\" \/>\n<meta name=\"twitter:label1\" content=\"Odhadovan\u00e1 doba \u010dten\u00ed\" \/>\n\t<meta name=\"twitter:data1\" content=\"2 minuty\" \/>\n<script type=\"application\/ld+json\" class=\"yoast-schema-graph\">{\"@context\":\"https:\/\/schema.org\",\"@graph\":[{\"@type\":\"WebPage\",\"@id\":\"https:\/\/donatino.eu\/cs\/o-nas\/\",\"url\":\"https:\/\/donatino.eu\/cs\/o-nas\/\",\"name\":\"Organizace - DONATINO EU\",\"isPartOf\":{\"@id\":\"https:\/\/donatino.eu\/#website\"},\"datePublished\":\"2022-01-29T17:21:56+00:00\",\"dateModified\":\"2025-10-06T17:22:55+00:00\",\"breadcrumb\":{\"@id\":\"https:\/\/donatino.eu\/cs\/o-nas\/#breadcrumb\"},\"inLanguage\":\"cs\",\"potentialAction\":[{\"@type\":\"ReadAction\",\"target\":[\"https:\/\/donatino.eu\/cs\/o-nas\/\"]}]},{\"@type\":\"BreadcrumbList\",\"@id\":\"https:\/\/donatino.eu\/cs\/o-nas\/#breadcrumb\",\"itemListElement\":[{\"@type\":\"ListItem\",\"position\":1,\"name\":\"Home\",\"item\":\"https:\/\/donatino.eu\/cs\/\"},{\"@type\":\"ListItem\",\"position\":2,\"name\":\"Organizace\"}]},{\"@type\":\"WebSite\",\"@id\":\"https:\/\/donatino.eu\/#website\",\"url\":\"https:\/\/donatino.eu\/\",\"name\":\"DONATINO EU\",\"description\":\"\",\"potentialAction\":[{\"@type\":\"SearchAction\",\"target\":{\"@type\":\"EntryPoint\",\"urlTemplate\":\"https:\/\/donatino.eu\/?s={search_term_string}\"},\"query-input\":\"required name=search_term_string\"}],\"inLanguage\":\"cs\"}]}<\/script>\n<!-- \/ Yoast SEO plugin. -->","yoast_head_json":{"title":"Organizace - DONATINO EU","robots":{"index":"index","follow":"follow","max-snippet":"max-snippet:-1","max-image-preview":"max-image-preview:large","max-video-preview":"max-video-preview:-1"},"canonical":"https:\/\/donatino.eu\/cs\/o-nas\/","og_locale":"cs_CZ","og_type":"article","og_title":"Organizace - DONATINO EU","og_description":"Napsali o n\u00e1s","og_url":"https:\/\/donatino.eu\/cs\/o-nas\/","og_site_name":"DONATINO EU","article_modified_time":"2025-10-06T17:22:55+00:00","twitter_card":"summary_large_image","twitter_misc":{"Odhadovan\u00e1 doba \u010dten\u00ed":"2 minuty"},"schema":{"@context":"https:\/\/schema.org","@graph":[{"@type":"WebPage","@id":"https:\/\/donatino.eu\/cs\/o-nas\/","url":"https:\/\/donatino.eu\/cs\/o-nas\/","name":"Organizace - DONATINO EU","isPartOf":{"@id":"https:\/\/donatino.eu\/#website"},"datePublished":"2022-01-29T17:21:56+00:00","dateModified":"2025-10-06T17:22:55+00:00","breadcrumb":{"@id":"https:\/\/donatino.eu\/cs\/o-nas\/#breadcrumb"},"inLanguage":"cs","potentialAction":[{"@type":"ReadAction","target":["https:\/\/donatino.eu\/cs\/o-nas\/"]}]},{"@type":"BreadcrumbList","@id":"https:\/\/donatino.eu\/cs\/o-nas\/#breadcrumb","itemListElement":[{"@type":"ListItem","position":1,"name":"Home","item":"https:\/\/donatino.eu\/cs\/"},{"@type":"ListItem","position":2,"name":"Organizace"}]},{"@type":"WebSite","@id":"https:\/\/donatino.eu\/#website","url":"https:\/\/donatino.eu\/","name":"DONATINO EU","description":"","potentialAction":[{"@type":"SearchAction","target":{"@type":"EntryPoint","urlTemplate":"https:\/\/donatino.eu\/?s={search_term_string}"},"query-input":"required name=search_term_string"}],"inLanguage":"cs"}]}},"_links":{"self":[{"href":"https:\/\/donatino.eu\/cs\/wp-json\/wp\/v2\/pages\/770"}],"collection":[{"href":"https:\/\/donatino.eu\/cs\/wp-json\/wp\/v2\/pages"}],"about":[{"href":"https:\/\/donatino.eu\/cs\/wp-json\/wp\/v2\/types\/page"}],"author":[{"embeddable":true,"href":"https:\/\/donatino.eu\/cs\/wp-json\/wp\/v2\/users\/1"}],"replies":[{"embeddable":true,"href":"https:\/\/donatino.eu\/cs\/wp-json\/wp\/v2\/comments?post=770"}],"version-history":[{"count":3,"href":"https:\/\/donatino.eu\/cs\/wp-json\/wp\/v2\/pages\/770\/revisions"}],"predecessor-version":[{"id":1794,"href":"https:\/\/donatino.eu\/cs\/wp-json\/wp\/v2\/pages\/770\/revisions\/1794"}],"wp:attachment":[{"href":"https:\/\/donatino.eu\/cs\/wp-json\/wp\/v2\/media?parent=770"}],"curies":[{"name":"wp","href":"https:\/\/api.w.org\/{rel}","templated":true}]}}