{"id":734,"date":"2022-01-29T18:25:02","date_gmt":"2022-01-29T17:25:02","guid":{"rendered":"https:\/\/donatino.eu\/pomoc\/"},"modified":"2025-10-07T12:13:12","modified_gmt":"2025-10-07T10:13:12","slug":"pomoc","status":"publish","type":"page","link":"https:\/\/donatino.eu\/cs\/pomoc\/","title":{"rendered":"POMOC"},"content":{"rendered":"\r\n\r\n\r\n\n  <div class=\"banner has-hover bg-color\" id=\"banner-227341440\">\n          <div class=\"banner-inner fill\">\n        <div class=\"banner-bg fill\" >\n            <div class=\"bg fill bg-fill \"><\/div>\n                        <div class=\"overlay\"><\/div>            \n                    <\/div>\n\t\t\n        <div class=\"banner-layers container\">\n            <div class=\"fill banner-link\"><\/div>            \r\n\r\n   <div id=\"text-box-1910022187\" class=\"text-box banner-layer x50 md-x50 lg-x50 y50 md-y50 lg-y50 res-text\">\n                                <div class=\"text-box-content text dark\">\n              \n              <div class=\"text-inner text-center\">\n                  \r\n\r\n<h3 class=\"uppercase\"><strong>PODPO\u0158TE NA\u0160E AKTIVITY<\/strong><\/h3>\r\n<p class=\"lead alt-font\" style=\"text-align: center;\"><span style=\"font-size: 130%;\">Pomozte na\u0161\u00ed organizaci r\u016fst a rozv\u00edjet se.<\/span><br \/><span style=\"font-size: 130%;\">Ka\u017ed\u00e9 euro p\u0159em\u011bn\u00edme na <span style=\"color: #e14d43;\">\u00fasm\u011bv n\u011bkoho v nouzi.<\/span><\/span><\/p>\r\n<a href=\"#dar\" class=\"button primary\"  >\n    <span>Finan\u010dn\u00ed dar<\/span>\n  <\/a>\n\r\n\r\n<a href=\"#2perc\" class=\"button primary\"  >\n    <span>2% z dan\u00ed<\/span>\n  <\/a>\n\r\n\r\n<a href=\"#dobrovolnik\" class=\"button primary\"  >\n    <span>Dobrovolnictv\u00ed<\/span>\n  <\/a>\n\r\n\r\n\r\n              <\/div>\n           <\/div>\n                            \n<style>\n#text-box-1910022187 {\n  width: 80%;\n}\n#text-box-1910022187 .text-box-content {\n  font-size: 100%;\n}\n<\/style>\n    <\/div>\n \r\n\r\n        <\/div>\n      <\/div>\n\n            \n<style>\n#banner-227341440 {\n  padding-top: 437px;\n}\n#banner-227341440 .bg.bg-loaded {\n  background-image: url(https:\/\/donatino.eu\/wp-content\/uploads\/2025\/10\/IMG_4231-533x800.jpg);\n}\n#banner-227341440 .overlay {\n  background-color: rgba(0, 0, 0, 0.65);\n}\n#banner-227341440 .bg {\n  background-position: 2% 30%;\n}\n<\/style>\n  <\/div>\n\n\r\n<span class=\"scroll-to\" data-label=\"Scroll to: #dar\" data-bullet=\"false\" data-link=\"#dar\" data-title=\"dar\" ><a name=\"dar\"><\/a><\/span>\r\n\r\n\t<div id=\"gap-752156433\" class=\"gap-element clearfix\" style=\"display:block; height:auto;\">\n\t\t\n<style>\n#gap-752156433 {\n  padding-top: 35px;\n}\n<\/style>\n\t<\/div>\n\t <div class=\"row\"  id=\"row-1051966402\"> \n\t<div id=\"col-588169439\" class=\"col medium-6 small-12 large-6\"  >\n\t\t\t\t<div class=\"col-inner text-right\"  >\n\t\t\t\n\t\t\t\r\n<h1 style=\"text-align: right;\"><span style=\"font-size: 170%;\">Podporte n\u00e1s<br \/>finan\u010dn\u00edm <span style=\"color: #e14d43;\">p\u0159\u00edsp\u011bvkem.<\/span><\/span><\/h1>\r\n<p style=\"text-align: right;\">Po\u0161lete n\u00e1m malou \u010d\u00e1stku na n\u00e1\u0161 bankovn\u00ed \u00fa\u010det<\/p>\r\n\t\t<\/div>\n\t\t\t\t\t<\/div>\n\n\t \n\t<div id=\"col-901441329\" class=\"col medium-6 small-12 large-6\"  >\n\t\t\t\t<div class=\"col-inner text-left\"  >\n\t\t\t\n\t\t\t\r\n<p class=\"p1\" style=\"text-align: left;\"><b><span style=\"color: #e14d43;\">Nazev \u00fa\u010dtu<\/span> &#8211; DONATINO CZ, z.s.<br \/><\/b><b><span style=\"color: #e14d43;\">Nazev banky<\/span> &#8211; Fio banka, a.s.<br \/><span style=\"color: #e14d43;\">\u010c\u00edslo \u00fa\u010dtu<\/span> &#8211; 2502276284 \/ 2010<br \/><\/b><b><span style=\"color: #e14d43;\">K\u00f3d banky<\/span> &#8211; 2010<br \/><\/b><b><span style=\"color: #e14d43;\">IBAN<\/span> &#8211; CZ28 2010 0000 0025 0227 6284<br \/><\/b><b><span style=\"color: #e14d43;\">BIC\/Swift<\/span> &#8211; FIOBCZPPXXX<br \/><\/b><b><span style=\"color: #e14d43;\">Pozn\u00e1mka<\/span> &#8211; DAR<\/b><\/p>\r\n\t\t<\/div>\n\t\t\t\t\t<\/div>\n\n\t <\/div> <div class=\"text-center\"><div class=\"is-divider divider clearfix\" style=\"max-width:288px;\"><\/div><\/div> <span class=\"scroll-to\" data-label=\"Scroll to: #2perc\" data-bullet=\"false\" data-link=\"#2perc\" data-title=\"2perc\" ><a name=\"2perc\"><\/a><\/span> <div class=\"row\"  id=\"row-1533091769\"> \n\t<div id=\"col-631057744\" class=\"col medium-6 small-12 large-6\"  >\n\t\t\t\t<div class=\"col-inner text-right\"  >\n\t\t\t\n\t\t\t\r\n<h1 style=\"text-align: right;\"><span style=\"font-size: 170%;\"><span style=\"color: #e14d43;\">2%<\/span> z dan\u00ed<\/span><\/h1>\r\n<p style=\"text-align: right;\">V\u011bnujte 2 procenta z dan\u00ed ve va\u0161em da\u0148ov\u00e9m p\u0159izn\u00e1n\u00ed na\u0161\u00ed organizaci.<\/p>\r\n\t\t<\/div>\n\t\t\t\t\t<\/div>\n\n\t \n\t<div id=\"col-844607337\" class=\"col medium-6 small-12 large-6\"  >\n\t\t\t\t<div class=\"col-inner text-left\"  >\n\t\t\t\n\t\t\t\r\n<p class=\"p1\" style=\"text-align: left;\"><b><span style=\"color: #e14d43;\">Tento typ podpory zat\u00edm nen\u00ed mo\u017en\u00fd<\/span><br \/><\/b><\/p>\r\n\t\t<\/div>\n\t\t\t\t\t<\/div>\n\n\t <\/div> <div class=\"text-center\"><div class=\"is-divider divider clearfix\" style=\"max-width:288px;\"><\/div><\/div> <span class=\"scroll-to\" data-label=\"Scroll to: #dobrovolnik\" data-bullet=\"false\" data-link=\"#dobrovolnik\" data-title=\"dobrovolnik\" ><a name=\"dobrovolnik\"><\/a><\/span> <div class=\"row\"  id=\"row-1830699583\"> \n\t<div id=\"col-1855063542\" class=\"col medium-6 small-12 large-6\"  >\n\t\t\t\t<div class=\"col-inner text-right\"  >\n\t\t\t\n\t\t\t\r\n<h1 style=\"text-align: right;\"><span style=\"font-size: 170%;\"><span style=\"color: #e14d43;\">Dobro<\/span>volnictv\u00ed<\/span><\/h1>\r\n<p style=\"text-align: right;\">Stante se dobrovoln\u00edkem v na\u0161ich<br \/>dobro\u010dninn\u00fdch projektech.\u00a0<\/p>\r\n\t\t<\/div>\n\t\t\t\t\t<\/div>\n\n\t \n\t<div id=\"col-1404882211\" class=\"col medium-6 small-12 large-6\"  >\n\t\t\t\t<div class=\"col-inner text-left\"  >\n\t\t\t\n\t\t\t \n<div class=\"wpcf7 no-js\" id=\"wpcf7-f13-o1\" lang=\"en-US\" dir=\"ltr\">\n<div class=\"screen-reader-response\"><p role=\"status\" aria-live=\"polite\" aria-atomic=\"true\"><\/p> <ul><\/ul><\/div>\n<form action=\"\/cs\/wp-json\/wp\/v2\/pages\/734#wpcf7-f13-o1\" method=\"post\" class=\"wpcf7-form init\" aria-label=\"Contact form\" novalidate=\"novalidate\" data-status=\"init\">\n<div style=\"display: none;\">\n<input type=\"hidden\" name=\"_wpcf7\" value=\"13\" \/>\n<input type=\"hidden\" name=\"_wpcf7_version\" value=\"5.9.3\" \/>\n<input type=\"hidden\" name=\"_wpcf7_locale\" value=\"en_US\" \/>\n<input type=\"hidden\" name=\"_wpcf7_unit_tag\" value=\"wpcf7-f13-o1\" \/>\n<input type=\"hidden\" name=\"_wpcf7_container_post\" value=\"0\" \/>\n<input type=\"hidden\" name=\"_wpcf7_posted_data_hash\" value=\"\" \/>\n<input type=\"hidden\" name=\"_wpcf7_recaptcha_response\" value=\"\" \/>\n<\/div>\n<div class=\"form-flat\">\n\t<p><span class=\"wpcf7-form-control-wrap\" data-name=\"Meno\"><input size=\"40\" class=\"wpcf7-form-control wpcf7-text wpcf7-validates-as-required\" aria-required=\"true\" aria-invalid=\"false\" value=\"Va\u0161e meno\" type=\"text\" name=\"Meno\" \/><\/span>\n\t<\/p>\n\t<p><span class=\"wpcf7-form-control-wrap\" data-name=\"your-email\"><input size=\"40\" class=\"wpcf7-form-control wpcf7-email wpcf7-validates-as-required wpcf7-text wpcf7-validates-as-email\" aria-required=\"true\" aria-invalid=\"false\" placeholder=\"V\u00e1\u0161 email (povinn\u00e9)\" value=\"\" type=\"email\" name=\"your-email\" \/><\/span>\n\t<\/p>\n\t<p><span class=\"wpcf7-form-control-wrap\" data-name=\"Miesto\"><input size=\"40\" class=\"wpcf7-form-control wpcf7-text\" aria-invalid=\"false\" value=\"Mesto (napr\u00edklad Bratislava)\" type=\"text\" name=\"Miesto\" \/><\/span>\n\t<\/p>\n\t<p><input class=\"wpcf7-form-control wpcf7-submit has-spinner button\" type=\"submit\" value=\"Sign Up\" \/>\n\t<\/p>\n<\/div><div class=\"wpcf7-response-output\" aria-hidden=\"true\"><\/div>\n<\/form>\n<\/div>\n \t\t<\/div>\n\t\t\t\t\t<\/div>\n\n\t <\/div> <div class=\"row\"  id=\"row-2096236455\"> \n\t<div id=\"col-1845150007\" class=\"col small-12 large-12\"  >\n\t\t\t\t<div class=\"col-inner text-right\"  >\n\t\t\t\n\t\t\t\r\n<p class=\"alt-font\" style=\"text-align: center;\"><span style=\"font-size: 500%;\">D\u011bkujeme V\u00e1m<\/span><\/p>\r\n\t\t<\/div>\n\t\t\t\t\t<\/div>\n\n\t <\/div>\r\n","protected":false},"excerpt":{"rendered":"","protected":false},"author":1,"featured_media":0,"parent":0,"menu_order":0,"comment_status":"closed","ping_status":"closed","template":"page-transparent-header-light.php","meta":{"_monsterinsights_skip_tracking":false,"_monsterinsights_sitenote_active":false,"_monsterinsights_sitenote_note":"","_monsterinsights_sitenote_category":0,"footnotes":""},"yoast_head":"<!-- This site is optimized with the Yoast SEO plugin v22.6 - https:\/\/yoast.com\/wordpress\/plugins\/seo\/ -->\n<title>POMOC - DONATINO EU<\/title>\n<meta name=\"robots\" content=\"index, follow, max-snippet:-1, max-image-preview:large, max-video-preview:-1\" \/>\n<link rel=\"canonical\" href=\"https:\/\/donatino.eu\/cs\/pomoc\/\" \/>\n<meta property=\"og:locale\" content=\"cs_CZ\" \/>\n<meta property=\"og:type\" content=\"article\" \/>\n<meta property=\"og:title\" content=\"POMOC - DONATINO EU\" \/>\n<meta property=\"og:url\" content=\"https:\/\/donatino.eu\/cs\/pomoc\/\" \/>\n<meta property=\"og:site_name\" content=\"DONATINO EU\" \/>\n<meta property=\"article:modified_time\" content=\"2025-10-07T10:13:12+00:00\" \/>\n<meta name=\"twitter:card\" content=\"summary_large_image\" \/>\n<meta name=\"twitter:label1\" content=\"Odhadovan\u00e1 doba \u010dten\u00ed\" \/>\n\t<meta name=\"twitter:data1\" content=\"1 minuta\" \/>\n<script type=\"application\/ld+json\" class=\"yoast-schema-graph\">{\"@context\":\"https:\/\/schema.org\",\"@graph\":[{\"@type\":\"WebPage\",\"@id\":\"https:\/\/donatino.eu\/cs\/pomoc\/\",\"url\":\"https:\/\/donatino.eu\/cs\/pomoc\/\",\"name\":\"POMOC - DONATINO EU\",\"isPartOf\":{\"@id\":\"https:\/\/donatino.eu\/#website\"},\"datePublished\":\"2022-01-29T17:25:02+00:00\",\"dateModified\":\"2025-10-07T10:13:12+00:00\",\"breadcrumb\":{\"@id\":\"https:\/\/donatino.eu\/cs\/pomoc\/#breadcrumb\"},\"inLanguage\":\"cs\",\"potentialAction\":[{\"@type\":\"ReadAction\",\"target\":[\"https:\/\/donatino.eu\/cs\/pomoc\/\"]}]},{\"@type\":\"BreadcrumbList\",\"@id\":\"https:\/\/donatino.eu\/cs\/pomoc\/#breadcrumb\",\"itemListElement\":[{\"@type\":\"ListItem\",\"position\":1,\"name\":\"Home\",\"item\":\"https:\/\/donatino.eu\/cs\/\"},{\"@type\":\"ListItem\",\"position\":2,\"name\":\"POMOC\"}]},{\"@type\":\"WebSite\",\"@id\":\"https:\/\/donatino.eu\/#website\",\"url\":\"https:\/\/donatino.eu\/\",\"name\":\"DONATINO EU\",\"description\":\"\",\"potentialAction\":[{\"@type\":\"SearchAction\",\"target\":{\"@type\":\"EntryPoint\",\"urlTemplate\":\"https:\/\/donatino.eu\/?s={search_term_string}\"},\"query-input\":\"required name=search_term_string\"}],\"inLanguage\":\"cs\"}]}<\/script>\n<!-- \/ Yoast SEO plugin. -->","yoast_head_json":{"title":"POMOC - DONATINO EU","robots":{"index":"index","follow":"follow","max-snippet":"max-snippet:-1","max-image-preview":"max-image-preview:large","max-video-preview":"max-video-preview:-1"},"canonical":"https:\/\/donatino.eu\/cs\/pomoc\/","og_locale":"cs_CZ","og_type":"article","og_title":"POMOC - DONATINO EU","og_url":"https:\/\/donatino.eu\/cs\/pomoc\/","og_site_name":"DONATINO EU","article_modified_time":"2025-10-07T10:13:12+00:00","twitter_card":"summary_large_image","twitter_misc":{"Odhadovan\u00e1 doba \u010dten\u00ed":"1 minuta"},"schema":{"@context":"https:\/\/schema.org","@graph":[{"@type":"WebPage","@id":"https:\/\/donatino.eu\/cs\/pomoc\/","url":"https:\/\/donatino.eu\/cs\/pomoc\/","name":"POMOC - DONATINO EU","isPartOf":{"@id":"https:\/\/donatino.eu\/#website"},"datePublished":"2022-01-29T17:25:02+00:00","dateModified":"2025-10-07T10:13:12+00:00","breadcrumb":{"@id":"https:\/\/donatino.eu\/cs\/pomoc\/#breadcrumb"},"inLanguage":"cs","potentialAction":[{"@type":"ReadAction","target":["https:\/\/donatino.eu\/cs\/pomoc\/"]}]},{"@type":"BreadcrumbList","@id":"https:\/\/donatino.eu\/cs\/pomoc\/#breadcrumb","itemListElement":[{"@type":"ListItem","position":1,"name":"Home","item":"https:\/\/donatino.eu\/cs\/"},{"@type":"ListItem","position":2,"name":"POMOC"}]},{"@type":"WebSite","@id":"https:\/\/donatino.eu\/#website","url":"https:\/\/donatino.eu\/","name":"DONATINO EU","description":"","potentialAction":[{"@type":"SearchAction","target":{"@type":"EntryPoint","urlTemplate":"https:\/\/donatino.eu\/?s={search_term_string}"},"query-input":"required name=search_term_string"}],"inLanguage":"cs"}]}},"_links":{"self":[{"href":"https:\/\/donatino.eu\/cs\/wp-json\/wp\/v2\/pages\/734"}],"collection":[{"href":"https:\/\/donatino.eu\/cs\/wp-json\/wp\/v2\/pages"}],"about":[{"href":"https:\/\/donatino.eu\/cs\/wp-json\/wp\/v2\/types\/page"}],"author":[{"embeddable":true,"href":"https:\/\/donatino.eu\/cs\/wp-json\/wp\/v2\/users\/1"}],"replies":[{"embeddable":true,"href":"https:\/\/donatino.eu\/cs\/wp-json\/wp\/v2\/comments?post=734"}],"version-history":[{"count":7,"href":"https:\/\/donatino.eu\/cs\/wp-json\/wp\/v2\/pages\/734\/revisions"}],"predecessor-version":[{"id":1863,"href":"https:\/\/donatino.eu\/cs\/wp-json\/wp\/v2\/pages\/734\/revisions\/1863"}],"wp:attachment":[{"href":"https:\/\/donatino.eu\/cs\/wp-json\/wp\/v2\/media?parent=734"}],"curies":[{"name":"wp","href":"https:\/\/api.w.org\/{rel}","templated":true}]}}