{"id":1857,"date":"2025-10-06T15:40:00","date_gmt":"2025-10-06T13:40:00","guid":{"rendered":"https:\/\/donatino.eu\/parkourovy-tabor\/"},"modified":"2025-10-07T12:24:28","modified_gmt":"2025-10-07T10:24:28","slug":"parkourovy-tabor","status":"publish","type":"page","link":"https:\/\/donatino.eu\/cs\/parkourovy-tabor\/","title":{"rendered":"Parkourov\u00fd t\u00e1bor"},"content":{"rendered":"\n  <div class=\"banner has-hover\" id=\"banner-1434270394\">\n          <div class=\"banner-inner fill\">\n        <div class=\"banner-bg fill\" >\n            <div class=\"bg fill bg-fill \"><\/div>\n                        <div class=\"overlay\"><\/div>            \n                    <\/div>\n\t\t\n        <div class=\"banner-layers container\">\n            <div class=\"fill banner-link\"><\/div>            \n   <div id=\"text-box-827526495\" class=\"text-box banner-layer x50 md-x50 lg-x50 y50 md-y50 lg-y50 res-text\">\n                                <div class=\"text-box-content text dark\">\n              \n              <div class=\"text-inner text-center\">\n                  \n<h1 class=\"uppercase\">SKOKY k <span style=\"color: #e14d43;\">lep\u0161\u00edm z\u00edt\u0159k\u016fm<\/span><\/h1>\n              <\/div>\n           <\/div>\n                            \n<style>\n#text-box-827526495 {\n  width: 60%;\n}\n#text-box-827526495 .text-box-content {\n  font-size: 100%;\n}\n<\/style>\n    <\/div>\n \n        <\/div>\n      <\/div>\n\n            \n<style>\n#banner-1434270394 {\n  padding-top: 300px;\n}\n#banner-1434270394 .bg.bg-loaded {\n  background-image: url(https:\/\/donatino.eu\/wp-content\/uploads\/2025\/10\/SK-Pred-kampanou-\u2013-kopia-1-800x800.jpg);\n}\n#banner-1434270394 .overlay {\n  background-color: rgba(0,0,0,.5);\n}\n#banner-1434270394 .bg {\n  background-position: 0% 46%;\n}\n<\/style>\n  <\/div>\n\n\n\t<section class=\"section\" id=\"section_1756589641\">\n\t\t<div class=\"bg section-bg fill bg-fill  bg-loaded\" >\n\n\t\t\t\n\t\t\t\n\t\t\t\n\n\t\t<\/div>\n\n\t\t\n\n\t\t<div class=\"section-content relative\">\n\t\t\t\n<div class=\"row\"  id=\"row-1223786149\">\n\n\t<div id=\"col-1497383264\" class=\"col small-12 large-12\"  >\n\t\t\t\t<div class=\"col-inner\"  >\n\t\t\t\n\t\t\t\n<p><span style=\"font-size: 130%;\"><strong>Na p\u0159elomu \u010dervence a srpna 2025 jsme podpo\u0159ili p\u011bt d\u011bt\u00ed z Azylov\u00e9ho domu sv. Gerarda v Brand\u00fdse nad Labem, aby mohly pro\u017e\u00edt n\u011bkolik dn\u00ed pln\u00fdch pohybu, her a sm\u00edchu na parkourov\u00e9m t\u00e1bo\u0159e pod veden\u00edm zku\u0161en\u00fdch tren\u00e9r\u016f Michala Pokorn\u00e9ho a Honzy \u0160ime\u010dka. \ud83c\udfc3\u200d\u2642\ufe0f\ud83e\udd38\u200d\u2640\ufe0f<\/strong><\/span><\/p>\n<p>Pro tyto d\u011bti to nebyl jen oby\u010dejn\u00fd letn\u00ed t\u00e1bor. Byl to <strong>\u010das svobody, d\u016fv\u011bry a pocitu, \u017ee i ony mohou b\u00fdt sou\u010d\u00e1st\u00ed n\u011b\u010deho v\u00fdjime\u010dn\u00e9ho.<\/strong> Mnoh\u00e9 z nich poch\u00e1zej\u00ed z prost\u0159ed\u00ed, kde chyb\u00ed stabilita, jistota \u010di mo\u017enost za\u017e\u00edvat b\u011b\u017en\u00e9 d\u011btsk\u00e9 radosti \u2013 v\u00fdlety, nov\u00e1 p\u0159\u00e1telstv\u00ed, ve\u010dern\u00ed rozhovory u ohn\u011b.<\/p>\n<p>Na parkourov\u00e9m t\u00e1bo\u0159e se u\u010dily nejen <strong>sk\u00e1kat, balancovat a p\u0159ekon\u00e1vat p\u0159ek\u00e1\u017eky<\/strong>, ale tak\u00e9 v\u011b\u0159it si, spolupracovat a navz\u00e1jem se povzbuzovat. Ka\u017ed\u00fd \u00fasp\u011bch, ka\u017ed\u00fd mal\u00fd pokrok \u2013 i ten nejmen\u0161\u00ed \u2013 znamenal velk\u00fd krok vp\u0159ed v jejich sebev\u011bdom\u00ed.<\/p>\n<p>Krom\u011b nov\u00fdch dovednost\u00ed si d\u011bti odnesly <strong>kr\u00e1sn\u00e9 z\u00e1\u017eitky, vzpom\u00ednky a p\u0159\u00e1telstv\u00ed<\/strong>, kter\u00e9 jim z\u016fstanou je\u0161t\u011b dlouho. Byly to dny pln\u00e9 pohybu, ale tak\u00e9 sm\u00edchu, objet\u00ed, spole\u010dn\u00fdch her a rozhovor\u016f, kter\u00e9 pom\u00e1haj\u00ed budovat vztahy a vnit\u0159n\u00ed jistotu. \u2728<\/p>\n<p>Takov\u00e9 projekty n\u00e1m p\u0159ipom\u00ednaj\u00ed, \u017ee <strong>pomoc nemus\u00ed m\u00edt v\u017edy podobu daru \u2013 n\u011bkdy sta\u010d\u00ed darovat z\u00e1\u017eitek, p\u0159\u00edle\u017eitost nebo pocit, \u017ee na \u010dlov\u011bku z\u00e1le\u017e\u00ed.<\/strong><\/p>\n<p>D\u011bkujeme v\u0161em d\u00e1rc\u016fm, partner\u016fm a dobrovoln\u00edk\u016fm, kte\u0159\u00ed n\u00e1m umo\u017enili p\u0159in\u00e9st tyto chv\u00edle radosti d\u011btem, kter\u00e9 si to opravdu zaslou\u017e\u00ed. \ud83d\udc9b<\/p>\n\t\t<\/div>\n\t\t\t\t\t<\/div>\n\n\t\n<\/div>\n\t\t<\/div>\n\n\t\t\n<style>\n#section_1756589641 {\n  padding-top: 30px;\n  padding-bottom: 30px;\n}\n<\/style>\n\t<\/section>\n\t\n\t<section class=\"section\" id=\"section_1532206702\">\n\t\t<div class=\"bg section-bg fill bg-fill  bg-loaded\" >\n\n\t\t\t\n\t\t\t\n\t\t\t\n\n\t\t<\/div>\n\n\t\t\n\n\t\t<div class=\"section-content relative\">\n\t\t\t\n\n  \n    <div class=\"row large-columns-5 medium-columns-3 small-columns-2 row-small slider row-slider slider-nav-simple slider-nav-outside\"  data-flickity-options='{\"imagesLoaded\": true, \"groupCells\": \"100%\", \"dragThreshold\" : 5, \"cellAlign\": \"left\",\"wrapAround\": true,\"prevNextButtons\": true,\"percentPosition\": true,\"pageDots\": false, \"rightToLeft\": false, \"autoPlay\" : false}' >\n\n  <div class=\"gallery-col col\" >\n          <div class=\"col-inner\">\n            <a class=\"image-lightbox lightbox-gallery\" href=\"https:\/\/donatino.eu\/wp-content\/uploads\/2025\/10\/IMG_3413-280x280.jpg\" title=\"\">            <div class=\"box has-hover gallery-box box-overlay dark\">\n              <div class=\"box-image image-cover\" style=\"padding-top:100%;\">\n                <img loading=\"lazy\" decoding=\"async\" width=\"533\" height=\"400\" src=\"https:\/\/donatino.eu\/wp-content\/uploads\/2025\/10\/IMG_3413-533x400.jpg\" class=\"attachment-medium size-medium\" alt=\"\" ids=\"1751,1754,1757,1760,1763,1766,1769,1772\" lightbox_image_size=\"thumbnail\" type=\"slider\" col_spacing=\"small\" columns=\"5\" slider_nav_style=\"simple\" slider_nav_position=\"outside\" image_height=\"100%\" srcset=\"https:\/\/donatino.eu\/wp-content\/uploads\/2025\/10\/IMG_3413-533x400.jpg 533w, https:\/\/donatino.eu\/wp-content\/uploads\/2025\/10\/IMG_3413-1067x800.jpg 1067w, https:\/\/donatino.eu\/wp-content\/uploads\/2025\/10\/IMG_3413-768x576.jpg 768w, https:\/\/donatino.eu\/wp-content\/uploads\/2025\/10\/IMG_3413-1536x1152.jpg 1536w, https:\/\/donatino.eu\/wp-content\/uploads\/2025\/10\/IMG_3413-2048x1536.jpg 2048w, https:\/\/donatino.eu\/wp-content\/uploads\/2025\/10\/IMG_3413-600x450.jpg 600w\" sizes=\"(max-width: 533px) 100vw, 533px\" \/>                                  <div class=\"overlay fill\"\n                      style=\"background-color: rgba(0,0,0,.15)\">\n                  <\/div>\n                                                              <\/div>\n              <div class=\"box-text text-left\" >\n                 <p><\/p>\n              <\/div>\n            <\/div>\n            <\/a>          <\/div>\n         <\/div><div class=\"gallery-col col\" >\n          <div class=\"col-inner\">\n            <a class=\"image-lightbox lightbox-gallery\" href=\"https:\/\/donatino.eu\/wp-content\/uploads\/2025\/10\/IMG_3386-280x280.jpg\" title=\"\">            <div class=\"box has-hover gallery-box box-overlay dark\">\n              <div class=\"box-image image-cover\" style=\"padding-top:100%;\">\n                <img loading=\"lazy\" decoding=\"async\" width=\"533\" height=\"400\" src=\"https:\/\/donatino.eu\/wp-content\/uploads\/2025\/10\/IMG_3386-533x400.jpg\" class=\"attachment-medium size-medium\" alt=\"\" ids=\"1751,1754,1757,1760,1763,1766,1769,1772\" lightbox_image_size=\"thumbnail\" type=\"slider\" col_spacing=\"small\" columns=\"5\" slider_nav_style=\"simple\" slider_nav_position=\"outside\" image_height=\"100%\" srcset=\"https:\/\/donatino.eu\/wp-content\/uploads\/2025\/10\/IMG_3386-533x400.jpg 533w, https:\/\/donatino.eu\/wp-content\/uploads\/2025\/10\/IMG_3386-1067x800.jpg 1067w, https:\/\/donatino.eu\/wp-content\/uploads\/2025\/10\/IMG_3386-768x576.jpg 768w, https:\/\/donatino.eu\/wp-content\/uploads\/2025\/10\/IMG_3386-1536x1152.jpg 1536w, https:\/\/donatino.eu\/wp-content\/uploads\/2025\/10\/IMG_3386-2048x1536.jpg 2048w, https:\/\/donatino.eu\/wp-content\/uploads\/2025\/10\/IMG_3386-600x450.jpg 600w\" sizes=\"(max-width: 533px) 100vw, 533px\" \/>                                  <div class=\"overlay fill\"\n                      style=\"background-color: rgba(0,0,0,.15)\">\n                  <\/div>\n                                                              <\/div>\n              <div class=\"box-text text-left\" >\n                 <p><\/p>\n              <\/div>\n            <\/div>\n            <\/a>          <\/div>\n         <\/div><div class=\"gallery-col col\" >\n          <div class=\"col-inner\">\n            <a class=\"image-lightbox lightbox-gallery\" href=\"https:\/\/donatino.eu\/wp-content\/uploads\/2025\/10\/IMG_3233-280x280.jpg\" title=\"\">            <div class=\"box has-hover gallery-box box-overlay dark\">\n              <div class=\"box-image image-cover\" style=\"padding-top:100%;\">\n                <img loading=\"lazy\" decoding=\"async\" width=\"533\" height=\"400\" src=\"https:\/\/donatino.eu\/wp-content\/uploads\/2025\/10\/IMG_3233-533x400.jpg\" class=\"attachment-medium size-medium\" alt=\"\" ids=\"1751,1754,1757,1760,1763,1766,1769,1772\" lightbox_image_size=\"thumbnail\" type=\"slider\" col_spacing=\"small\" columns=\"5\" slider_nav_style=\"simple\" slider_nav_position=\"outside\" image_height=\"100%\" srcset=\"https:\/\/donatino.eu\/wp-content\/uploads\/2025\/10\/IMG_3233-533x400.jpg 533w, https:\/\/donatino.eu\/wp-content\/uploads\/2025\/10\/IMG_3233-1067x800.jpg 1067w, https:\/\/donatino.eu\/wp-content\/uploads\/2025\/10\/IMG_3233-768x576.jpg 768w, https:\/\/donatino.eu\/wp-content\/uploads\/2025\/10\/IMG_3233-1536x1152.jpg 1536w, https:\/\/donatino.eu\/wp-content\/uploads\/2025\/10\/IMG_3233-2048x1536.jpg 2048w, https:\/\/donatino.eu\/wp-content\/uploads\/2025\/10\/IMG_3233-600x450.jpg 600w\" sizes=\"(max-width: 533px) 100vw, 533px\" \/>                                  <div class=\"overlay fill\"\n                      style=\"background-color: rgba(0,0,0,.15)\">\n                  <\/div>\n                                                              <\/div>\n              <div class=\"box-text text-left\" >\n                 <p><\/p>\n              <\/div>\n            <\/div>\n            <\/a>          <\/div>\n         <\/div><div class=\"gallery-col col\" >\n          <div class=\"col-inner\">\n            <a class=\"image-lightbox lightbox-gallery\" href=\"https:\/\/donatino.eu\/wp-content\/uploads\/2025\/10\/IMG_2867-280x280.jpg\" title=\"\">            <div class=\"box has-hover gallery-box box-overlay dark\">\n              <div class=\"box-image image-cover\" style=\"padding-top:100%;\">\n                <img loading=\"lazy\" decoding=\"async\" width=\"533\" height=\"400\" src=\"https:\/\/donatino.eu\/wp-content\/uploads\/2025\/10\/IMG_2867-533x400.jpg\" class=\"attachment-medium size-medium\" alt=\"\" ids=\"1751,1754,1757,1760,1763,1766,1769,1772\" lightbox_image_size=\"thumbnail\" type=\"slider\" col_spacing=\"small\" columns=\"5\" slider_nav_style=\"simple\" slider_nav_position=\"outside\" image_height=\"100%\" srcset=\"https:\/\/donatino.eu\/wp-content\/uploads\/2025\/10\/IMG_2867-533x400.jpg 533w, https:\/\/donatino.eu\/wp-content\/uploads\/2025\/10\/IMG_2867-1067x800.jpg 1067w, https:\/\/donatino.eu\/wp-content\/uploads\/2025\/10\/IMG_2867-768x576.jpg 768w, https:\/\/donatino.eu\/wp-content\/uploads\/2025\/10\/IMG_2867-1536x1152.jpg 1536w, https:\/\/donatino.eu\/wp-content\/uploads\/2025\/10\/IMG_2867-2048x1536.jpg 2048w, https:\/\/donatino.eu\/wp-content\/uploads\/2025\/10\/IMG_2867-600x450.jpg 600w\" sizes=\"(max-width: 533px) 100vw, 533px\" \/>                                  <div class=\"overlay fill\"\n                      style=\"background-color: rgba(0,0,0,.15)\">\n                  <\/div>\n                                                              <\/div>\n              <div class=\"box-text text-left\" >\n                 <p><\/p>\n              <\/div>\n            <\/div>\n            <\/a>          <\/div>\n         <\/div><div class=\"gallery-col col\" >\n          <div class=\"col-inner\">\n            <a class=\"image-lightbox lightbox-gallery\" href=\"https:\/\/donatino.eu\/wp-content\/uploads\/2025\/10\/IMG_1696-280x280.jpg\" title=\"\">            <div class=\"box has-hover gallery-box box-overlay dark\">\n              <div class=\"box-image image-cover\" style=\"padding-top:100%;\">\n                <img loading=\"lazy\" decoding=\"async\" width=\"533\" height=\"400\" src=\"https:\/\/donatino.eu\/wp-content\/uploads\/2025\/10\/IMG_1696-533x400.jpg\" class=\"attachment-medium size-medium\" alt=\"\" ids=\"1751,1754,1757,1760,1763,1766,1769,1772\" lightbox_image_size=\"thumbnail\" type=\"slider\" col_spacing=\"small\" columns=\"5\" slider_nav_style=\"simple\" slider_nav_position=\"outside\" image_height=\"100%\" srcset=\"https:\/\/donatino.eu\/wp-content\/uploads\/2025\/10\/IMG_1696-533x400.jpg 533w, https:\/\/donatino.eu\/wp-content\/uploads\/2025\/10\/IMG_1696-1067x800.jpg 1067w, https:\/\/donatino.eu\/wp-content\/uploads\/2025\/10\/IMG_1696-768x576.jpg 768w, https:\/\/donatino.eu\/wp-content\/uploads\/2025\/10\/IMG_1696-1536x1152.jpg 1536w, https:\/\/donatino.eu\/wp-content\/uploads\/2025\/10\/IMG_1696-2048x1536.jpg 2048w, https:\/\/donatino.eu\/wp-content\/uploads\/2025\/10\/IMG_1696-600x450.jpg 600w\" sizes=\"(max-width: 533px) 100vw, 533px\" \/>                                  <div class=\"overlay fill\"\n                      style=\"background-color: rgba(0,0,0,.15)\">\n                  <\/div>\n                                                              <\/div>\n              <div class=\"box-text text-left\" >\n                 <p><\/p>\n              <\/div>\n            <\/div>\n            <\/a>          <\/div>\n         <\/div><div class=\"gallery-col col\" >\n          <div class=\"col-inner\">\n            <a class=\"image-lightbox lightbox-gallery\" href=\"https:\/\/donatino.eu\/wp-content\/uploads\/2025\/10\/IMG_1668-280x280.jpg\" title=\"\">            <div class=\"box has-hover gallery-box box-overlay dark\">\n              <div class=\"box-image image-cover\" style=\"padding-top:100%;\">\n                <img loading=\"lazy\" decoding=\"async\" width=\"533\" height=\"400\" src=\"https:\/\/donatino.eu\/wp-content\/uploads\/2025\/10\/IMG_1668-533x400.jpg\" class=\"attachment-medium size-medium\" alt=\"\" ids=\"1751,1754,1757,1760,1763,1766,1769,1772\" lightbox_image_size=\"thumbnail\" type=\"slider\" col_spacing=\"small\" columns=\"5\" slider_nav_style=\"simple\" slider_nav_position=\"outside\" image_height=\"100%\" srcset=\"https:\/\/donatino.eu\/wp-content\/uploads\/2025\/10\/IMG_1668-533x400.jpg 533w, https:\/\/donatino.eu\/wp-content\/uploads\/2025\/10\/IMG_1668-1067x800.jpg 1067w, https:\/\/donatino.eu\/wp-content\/uploads\/2025\/10\/IMG_1668-768x576.jpg 768w, https:\/\/donatino.eu\/wp-content\/uploads\/2025\/10\/IMG_1668-1536x1152.jpg 1536w, https:\/\/donatino.eu\/wp-content\/uploads\/2025\/10\/IMG_1668-2048x1536.jpg 2048w, https:\/\/donatino.eu\/wp-content\/uploads\/2025\/10\/IMG_1668-600x450.jpg 600w\" sizes=\"(max-width: 533px) 100vw, 533px\" \/>                                  <div class=\"overlay fill\"\n                      style=\"background-color: rgba(0,0,0,.15)\">\n                  <\/div>\n                                                              <\/div>\n              <div class=\"box-text text-left\" >\n                 <p><\/p>\n              <\/div>\n            <\/div>\n            <\/a>          <\/div>\n         <\/div><div class=\"gallery-col col\" >\n          <div class=\"col-inner\">\n            <a class=\"image-lightbox lightbox-gallery\" href=\"https:\/\/donatino.eu\/wp-content\/uploads\/2025\/10\/IMG_1458-280x280.jpg\" title=\"\">            <div class=\"box has-hover gallery-box box-overlay dark\">\n              <div class=\"box-image image-cover\" style=\"padding-top:100%;\">\n                <img loading=\"lazy\" decoding=\"async\" width=\"533\" height=\"400\" src=\"https:\/\/donatino.eu\/wp-content\/uploads\/2025\/10\/IMG_1458-533x400.jpg\" class=\"attachment-medium size-medium\" alt=\"\" ids=\"1751,1754,1757,1760,1763,1766,1769,1772\" lightbox_image_size=\"thumbnail\" type=\"slider\" col_spacing=\"small\" columns=\"5\" slider_nav_style=\"simple\" slider_nav_position=\"outside\" image_height=\"100%\" srcset=\"https:\/\/donatino.eu\/wp-content\/uploads\/2025\/10\/IMG_1458-533x400.jpg 533w, https:\/\/donatino.eu\/wp-content\/uploads\/2025\/10\/IMG_1458-1067x800.jpg 1067w, https:\/\/donatino.eu\/wp-content\/uploads\/2025\/10\/IMG_1458-768x576.jpg 768w, https:\/\/donatino.eu\/wp-content\/uploads\/2025\/10\/IMG_1458-1536x1152.jpg 1536w, https:\/\/donatino.eu\/wp-content\/uploads\/2025\/10\/IMG_1458-2048x1536.jpg 2048w, https:\/\/donatino.eu\/wp-content\/uploads\/2025\/10\/IMG_1458-600x450.jpg 600w\" sizes=\"(max-width: 533px) 100vw, 533px\" \/>                                  <div class=\"overlay fill\"\n                      style=\"background-color: rgba(0,0,0,.15)\">\n                  <\/div>\n                                                              <\/div>\n              <div class=\"box-text text-left\" >\n                 <p><\/p>\n              <\/div>\n            <\/div>\n            <\/a>          <\/div>\n         <\/div><div class=\"gallery-col col\" >\n          <div class=\"col-inner\">\n            <a class=\"image-lightbox lightbox-gallery\" href=\"https:\/\/donatino.eu\/wp-content\/uploads\/2025\/10\/IMG_1453-280x280.jpg\" title=\"\">            <div class=\"box has-hover gallery-box box-overlay dark\">\n              <div class=\"box-image image-cover\" style=\"padding-top:100%;\">\n                <img loading=\"lazy\" decoding=\"async\" width=\"533\" height=\"400\" src=\"https:\/\/donatino.eu\/wp-content\/uploads\/2025\/10\/IMG_1453-533x400.jpg\" class=\"attachment-medium size-medium\" alt=\"\" ids=\"1751,1754,1757,1760,1763,1766,1769,1772\" lightbox_image_size=\"thumbnail\" type=\"slider\" col_spacing=\"small\" columns=\"5\" slider_nav_style=\"simple\" slider_nav_position=\"outside\" image_height=\"100%\" srcset=\"https:\/\/donatino.eu\/wp-content\/uploads\/2025\/10\/IMG_1453-533x400.jpg 533w, https:\/\/donatino.eu\/wp-content\/uploads\/2025\/10\/IMG_1453-1067x800.jpg 1067w, https:\/\/donatino.eu\/wp-content\/uploads\/2025\/10\/IMG_1453-768x576.jpg 768w, https:\/\/donatino.eu\/wp-content\/uploads\/2025\/10\/IMG_1453-1536x1152.jpg 1536w, https:\/\/donatino.eu\/wp-content\/uploads\/2025\/10\/IMG_1453-2048x1536.jpg 2048w, https:\/\/donatino.eu\/wp-content\/uploads\/2025\/10\/IMG_1453-600x450.jpg 600w\" sizes=\"(max-width: 533px) 100vw, 533px\" \/>                                  <div class=\"overlay fill\"\n                      style=\"background-color: rgba(0,0,0,.15)\">\n                  <\/div>\n                                                              <\/div>\n              <div class=\"box-text text-left\" >\n                 <p><\/p>\n              <\/div>\n            <\/div>\n            <\/a>          <\/div>\n         <\/div><\/div>\n\t\t<\/div>\n\n\t\t\n<style>\n#section_1532206702 {\n  padding-top: 30px;\n  padding-bottom: 30px;\n  background-color: rgb(238, 238, 238);\n}\n<\/style>\n\t<\/section>\n\t\n","protected":false},"excerpt":{"rendered":"","protected":false},"author":1,"featured_media":0,"parent":0,"menu_order":0,"comment_status":"closed","ping_status":"closed","template":"page-blank.php","meta":{"_monsterinsights_skip_tracking":false,"_monsterinsights_sitenote_active":false,"_monsterinsights_sitenote_note":"","_monsterinsights_sitenote_category":0,"footnotes":""},"yoast_head":"<!-- This site is optimized with the Yoast SEO plugin v22.6 - https:\/\/yoast.com\/wordpress\/plugins\/seo\/ -->\n<title>Parkourov\u00fd t\u00e1bor - DONATINO EU<\/title>\n<meta name=\"robots\" content=\"index, follow, max-snippet:-1, max-image-preview:large, max-video-preview:-1\" \/>\n<link rel=\"canonical\" href=\"https:\/\/donatino.eu\/cs\/parkourovy-tabor\/\" \/>\n<meta property=\"og:locale\" content=\"cs_CZ\" \/>\n<meta property=\"og:type\" content=\"article\" \/>\n<meta property=\"og:title\" content=\"Parkourov\u00fd t\u00e1bor - DONATINO EU\" \/>\n<meta property=\"og:url\" content=\"https:\/\/donatino.eu\/cs\/parkourovy-tabor\/\" \/>\n<meta property=\"og:site_name\" content=\"DONATINO EU\" \/>\n<meta property=\"article:modified_time\" content=\"2025-10-07T10:24:28+00:00\" \/>\n<meta name=\"twitter:card\" content=\"summary_large_image\" \/>\n<meta name=\"twitter:label1\" content=\"Odhadovan\u00e1 doba \u010dten\u00ed\" \/>\n\t<meta name=\"twitter:data1\" content=\"2 minuty\" \/>\n<script type=\"application\/ld+json\" class=\"yoast-schema-graph\">{\"@context\":\"https:\/\/schema.org\",\"@graph\":[{\"@type\":\"WebPage\",\"@id\":\"https:\/\/donatino.eu\/cs\/parkourovy-tabor\/\",\"url\":\"https:\/\/donatino.eu\/cs\/parkourovy-tabor\/\",\"name\":\"Parkourov\u00fd t\u00e1bor - DONATINO EU\",\"isPartOf\":{\"@id\":\"https:\/\/donatino.eu\/#website\"},\"datePublished\":\"2025-10-06T13:40:00+00:00\",\"dateModified\":\"2025-10-07T10:24:28+00:00\",\"breadcrumb\":{\"@id\":\"https:\/\/donatino.eu\/cs\/parkourovy-tabor\/#breadcrumb\"},\"inLanguage\":\"cs\",\"potentialAction\":[{\"@type\":\"ReadAction\",\"target\":[\"https:\/\/donatino.eu\/cs\/parkourovy-tabor\/\"]}]},{\"@type\":\"BreadcrumbList\",\"@id\":\"https:\/\/donatino.eu\/cs\/parkourovy-tabor\/#breadcrumb\",\"itemListElement\":[{\"@type\":\"ListItem\",\"position\":1,\"name\":\"Home\",\"item\":\"https:\/\/donatino.eu\/cs\/\"},{\"@type\":\"ListItem\",\"position\":2,\"name\":\"Parkourov\u00fd t\u00e1bor\"}]},{\"@type\":\"WebSite\",\"@id\":\"https:\/\/donatino.eu\/#website\",\"url\":\"https:\/\/donatino.eu\/\",\"name\":\"DONATINO EU\",\"description\":\"\",\"potentialAction\":[{\"@type\":\"SearchAction\",\"target\":{\"@type\":\"EntryPoint\",\"urlTemplate\":\"https:\/\/donatino.eu\/?s={search_term_string}\"},\"query-input\":\"required name=search_term_string\"}],\"inLanguage\":\"cs\"}]}<\/script>\n<!-- \/ Yoast SEO plugin. -->","yoast_head_json":{"title":"Parkourov\u00fd t\u00e1bor - DONATINO EU","robots":{"index":"index","follow":"follow","max-snippet":"max-snippet:-1","max-image-preview":"max-image-preview:large","max-video-preview":"max-video-preview:-1"},"canonical":"https:\/\/donatino.eu\/cs\/parkourovy-tabor\/","og_locale":"cs_CZ","og_type":"article","og_title":"Parkourov\u00fd t\u00e1bor - DONATINO EU","og_url":"https:\/\/donatino.eu\/cs\/parkourovy-tabor\/","og_site_name":"DONATINO EU","article_modified_time":"2025-10-07T10:24:28+00:00","twitter_card":"summary_large_image","twitter_misc":{"Odhadovan\u00e1 doba \u010dten\u00ed":"2 minuty"},"schema":{"@context":"https:\/\/schema.org","@graph":[{"@type":"WebPage","@id":"https:\/\/donatino.eu\/cs\/parkourovy-tabor\/","url":"https:\/\/donatino.eu\/cs\/parkourovy-tabor\/","name":"Parkourov\u00fd t\u00e1bor - DONATINO EU","isPartOf":{"@id":"https:\/\/donatino.eu\/#website"},"datePublished":"2025-10-06T13:40:00+00:00","dateModified":"2025-10-07T10:24:28+00:00","breadcrumb":{"@id":"https:\/\/donatino.eu\/cs\/parkourovy-tabor\/#breadcrumb"},"inLanguage":"cs","potentialAction":[{"@type":"ReadAction","target":["https:\/\/donatino.eu\/cs\/parkourovy-tabor\/"]}]},{"@type":"BreadcrumbList","@id":"https:\/\/donatino.eu\/cs\/parkourovy-tabor\/#breadcrumb","itemListElement":[{"@type":"ListItem","position":1,"name":"Home","item":"https:\/\/donatino.eu\/cs\/"},{"@type":"ListItem","position":2,"name":"Parkourov\u00fd t\u00e1bor"}]},{"@type":"WebSite","@id":"https:\/\/donatino.eu\/#website","url":"https:\/\/donatino.eu\/","name":"DONATINO EU","description":"","potentialAction":[{"@type":"SearchAction","target":{"@type":"EntryPoint","urlTemplate":"https:\/\/donatino.eu\/?s={search_term_string}"},"query-input":"required name=search_term_string"}],"inLanguage":"cs"}]}},"_links":{"self":[{"href":"https:\/\/donatino.eu\/cs\/wp-json\/wp\/v2\/pages\/1857"}],"collection":[{"href":"https:\/\/donatino.eu\/cs\/wp-json\/wp\/v2\/pages"}],"about":[{"href":"https:\/\/donatino.eu\/cs\/wp-json\/wp\/v2\/types\/page"}],"author":[{"embeddable":true,"href":"https:\/\/donatino.eu\/cs\/wp-json\/wp\/v2\/users\/1"}],"replies":[{"embeddable":true,"href":"https:\/\/donatino.eu\/cs\/wp-json\/wp\/v2\/comments?post=1857"}],"version-history":[{"count":1,"href":"https:\/\/donatino.eu\/cs\/wp-json\/wp\/v2\/pages\/1857\/revisions"}],"predecessor-version":[{"id":1858,"href":"https:\/\/donatino.eu\/cs\/wp-json\/wp\/v2\/pages\/1857\/revisions\/1858"}],"wp:attachment":[{"href":"https:\/\/donatino.eu\/cs\/wp-json\/wp\/v2\/media?parent=1857"}],"curies":[{"name":"wp","href":"https:\/\/api.w.org\/{rel}","templated":true}]}}