{"id":1854,"date":"2025-10-06T15:23:35","date_gmt":"2025-10-06T13:23:35","guid":{"rendered":"https:\/\/donatino.eu\/burame-prekazky\/"},"modified":"2025-10-07T12:24:18","modified_gmt":"2025-10-07T10:24:18","slug":"burame-prekazky","status":"publish","type":"page","link":"https:\/\/donatino.eu\/cs\/burame-prekazky\/","title":{"rendered":"B\u00farame prek\u00e1\u017eky"},"content":{"rendered":"\n  <div class=\"banner has-hover\" id=\"banner-1414910461\">\n          <div class=\"banner-inner fill\">\n        <div class=\"banner-bg fill\" >\n            <div class=\"bg fill bg-fill \"><\/div>\n                        <div class=\"overlay\"><\/div>            \n                    <\/div>\n\t\t\n        <div class=\"banner-layers container\">\n            <div class=\"fill banner-link\"><\/div>            \n   <div id=\"text-box-1869760630\" class=\"text-box banner-layer x50 md-x50 lg-x50 y50 md-y50 lg-y50 res-text\">\n                                <div class=\"text-box-content text dark\">\n              \n              <div class=\"text-inner text-center\">\n                  \n<h1 class=\"uppercase\">Spole\u010dn\u011b<br \/><span style=\"color: #e14d43;\">bo\u0159\u00edme<br \/>p\u0159ek\u00e1\u017eky<\/span><\/h1>\n              <\/div>\n           <\/div>\n                            \n<style>\n#text-box-1869760630 {\n  width: 100%;\n}\n#text-box-1869760630 .text-box-content {\n  font-size: 100%;\n}\n@media (min-width:550px) {\n  #text-box-1869760630 {\n    width: 60%;\n  }\n}\n<\/style>\n    <\/div>\n \n        <\/div>\n      <\/div>\n\n            \n<style>\n#banner-1414910461 {\n  padding-top: 300px;\n}\n#banner-1414910461 .bg.bg-loaded {\n  background-image: url(https:\/\/donatino.eu\/wp-content\/uploads\/2025\/10\/SK-Pred-kampanou-\u2013-kopia-Prispevok-na-Instagram-4-5-640x800.jpg);\n}\n#banner-1414910461 .overlay {\n  background-color: rgba(0, 0, 0, 0.674);\n}\n#banner-1414910461 .bg {\n  background-position: 4% 61%;\n}\n<\/style>\n  <\/div>\n\n\n\t<section class=\"section\" id=\"section_1869867016\">\n\t\t<div class=\"bg section-bg fill bg-fill  bg-loaded\" >\n\n\t\t\t\n\t\t\t\n\t\t\t\n\n\t\t<\/div>\n\n\t\t\n\n\t\t<div class=\"section-content relative\">\n\t\t\t\n<div class=\"row\"  id=\"row-1766728173\">\n\n\t<div id=\"col-808043936\" class=\"col small-12 large-12\"  >\n\t\t\t\t<div class=\"col-inner\"  >\n\t\t\t\n\t\t\t\n<p data-start=\"153\" data-end=\"286\"><span style=\"font-size: 130%;\"><strong>Ve spolupr\u00e1ci s d\u011btskou neurologi\u00ed Fakultn\u00ed nemocnice Motol jsme pomohli t\u0159em v\u00fdjime\u010dn\u00fdm d\u011btem \u2013 K\u00e1jovi, Markovi a Vasilovi. \ud83c\udf89<\/strong><\/span><\/p>\n<p data-start=\"288\" data-end=\"618\">Ka\u017ed\u00e9 z t\u011bchto d\u011bt\u00ed \u010del\u00ed sv\u00fdm zdravotn\u00edm p\u0159ek\u00e1\u017ek\u00e1m, ale spojuje je odvaha, \u00fasm\u011bv a obrovsk\u00e1 chu\u0165 \u017e\u00edt naplno. D\u00edky na\u0161im d\u00e1rc\u016fm a partner\u016fm jsme jim mohli zajistit <strong data-start=\"451\" data-end=\"482\">individu\u00e1ln\u011b upraven\u00fd voz\u00edk<\/strong>, <strong data-start=\"484\" data-end=\"507\">zdravotnick\u00fd zved\u00e1k<\/strong> a <strong data-start=\"510\" data-end=\"529\">speci\u00e1ln\u00ed voz\u00edk<\/strong>, kter\u00e9 jim usnadn\u00ed pohyb, zv\u00fd\u0161\u00ed samostatnost a p\u0159inesou v\u00edce radosti do ka\u017ed\u00e9ho dne. \u2728<\/p>\n<p data-start=\"620\" data-end=\"740\">Za ka\u017edou takovou pomoc\u00ed stoj\u00ed spousta mal\u00fdch skutk\u016f dobra \u2013 od lid\u00ed, kte\u0159\u00ed v\u011b\u0159\u00ed, \u017ee i jeden dar m\u016f\u017ee zm\u011bnit \u017eivot. \ud83d\udc9b<\/p>\n<p data-start=\"742\" data-end=\"837\">D\u011bkujeme v\u0161em, kte\u0159\u00ed n\u00e1s v tom podporuj\u00ed \u2013 spole\u010dn\u011b tvo\u0159\u00edme kr\u00e1sn\u011bj\u0161\u00ed a barevn\u011bj\u0161\u00ed z\u00edt\u0159ky. \ud83c\udf08<\/p>\n\t\t<\/div>\n\t\t\t\t\t<\/div>\n\n\t\n<\/div>\n\t\t<\/div>\n\n\t\t\n<style>\n#section_1869867016 {\n  padding-top: 30px;\n  padding-bottom: 30px;\n}\n<\/style>\n\t<\/section>\n\t\n\t<section class=\"section\" id=\"section_113682693\">\n\t\t<div class=\"bg section-bg fill bg-fill  bg-loaded\" >\n\n\t\t\t\n\t\t\t\n\t\t\t\n\n\t\t<\/div>\n\n\t\t\n\n\t\t<div class=\"section-content relative\">\n\t\t\t\n\n  \n    <div class=\"row large-columns-3 medium-columns- small-columns-2 row-small slider row-slider slider-nav-simple slider-nav-outside\"  data-flickity-options='{\"imagesLoaded\": true, \"groupCells\": \"100%\", \"dragThreshold\" : 5, \"cellAlign\": \"left\",\"wrapAround\": true,\"prevNextButtons\": true,\"percentPosition\": true,\"pageDots\": false, \"rightToLeft\": false, \"autoPlay\" : false}' >\n\n  <div class=\"gallery-col col\" >\n          <div class=\"col-inner\">\n            <a class=\"image-lightbox lightbox-gallery\" href=\"https:\/\/donatino.eu\/wp-content\/uploads\/2025\/10\/Kaja-vozik-280x280.jpg\" title=\"\">            <div class=\"box has-hover gallery-box box-overlay dark\">\n              <div class=\"box-image image-cover\" style=\"padding-top:100%;\">\n                <img loading=\"lazy\" decoding=\"async\" width=\"300\" height=\"400\" src=\"https:\/\/donatino.eu\/wp-content\/uploads\/2025\/10\/Kaja-vozik-300x400.jpg\" class=\"attachment-medium size-medium\" alt=\"\" ids=\"1730,1733,1736\" lightbox_image_size=\"thumbnail\" type=\"slider\" col_spacing=\"small\" columns=\"3\" slider_nav_style=\"simple\" slider_nav_position=\"outside\" image_height=\"100%\" srcset=\"https:\/\/donatino.eu\/wp-content\/uploads\/2025\/10\/Kaja-vozik-300x400.jpg 300w, https:\/\/donatino.eu\/wp-content\/uploads\/2025\/10\/Kaja-vozik-600x800.jpg 600w, https:\/\/donatino.eu\/wp-content\/uploads\/2025\/10\/Kaja-vozik-768x1024.jpg 768w, https:\/\/donatino.eu\/wp-content\/uploads\/2025\/10\/Kaja-vozik-1152x1536.jpg 1152w, https:\/\/donatino.eu\/wp-content\/uploads\/2025\/10\/Kaja-vozik-1536x2048.jpg 1536w, https:\/\/donatino.eu\/wp-content\/uploads\/2025\/10\/Kaja-vozik-scaled.jpg 1920w\" sizes=\"(max-width: 300px) 100vw, 300px\" \/>                                  <div class=\"overlay fill\"\n                      style=\"background-color: rgba(0,0,0,.15)\">\n                  <\/div>\n                                                              <\/div>\n              <div class=\"box-text text-left\" >\n                 <p><\/p>\n              <\/div>\n            <\/div>\n            <\/a>          <\/div>\n         <\/div><div class=\"gallery-col col\" >\n          <div class=\"col-inner\">\n            <a class=\"image-lightbox lightbox-gallery\" href=\"https:\/\/donatino.eu\/wp-content\/uploads\/2025\/10\/marko-zvedak-280x280.jpg\" title=\"\">            <div class=\"box has-hover gallery-box box-overlay dark\">\n              <div class=\"box-image image-cover\" style=\"padding-top:100%;\">\n                <img loading=\"lazy\" decoding=\"async\" width=\"300\" height=\"400\" src=\"https:\/\/donatino.eu\/wp-content\/uploads\/2025\/10\/marko-zvedak-300x400.jpg\" class=\"attachment-medium size-medium\" alt=\"\" ids=\"1730,1733,1736\" lightbox_image_size=\"thumbnail\" type=\"slider\" col_spacing=\"small\" columns=\"3\" slider_nav_style=\"simple\" slider_nav_position=\"outside\" image_height=\"100%\" srcset=\"https:\/\/donatino.eu\/wp-content\/uploads\/2025\/10\/marko-zvedak-300x400.jpg 300w, https:\/\/donatino.eu\/wp-content\/uploads\/2025\/10\/marko-zvedak-600x800.jpg 600w, https:\/\/donatino.eu\/wp-content\/uploads\/2025\/10\/marko-zvedak-768x1024.jpg 768w, https:\/\/donatino.eu\/wp-content\/uploads\/2025\/10\/marko-zvedak-1152x1536.jpg 1152w, https:\/\/donatino.eu\/wp-content\/uploads\/2025\/10\/marko-zvedak-1536x2048.jpg 1536w, https:\/\/donatino.eu\/wp-content\/uploads\/2025\/10\/marko-zvedak-scaled.jpg 1920w\" sizes=\"(max-width: 300px) 100vw, 300px\" \/>                                  <div class=\"overlay fill\"\n                      style=\"background-color: rgba(0,0,0,.15)\">\n                  <\/div>\n                                                              <\/div>\n              <div class=\"box-text text-left\" >\n                 <p><\/p>\n              <\/div>\n            <\/div>\n            <\/a>          <\/div>\n         <\/div><div class=\"gallery-col col\" >\n          <div class=\"col-inner\">\n            <a class=\"image-lightbox lightbox-gallery\" href=\"https:\/\/donatino.eu\/wp-content\/uploads\/2025\/10\/vasil-vozik-280x280.jpg\" title=\"\">            <div class=\"box has-hover gallery-box box-overlay dark\">\n              <div class=\"box-image image-cover\" style=\"padding-top:100%;\">\n                <img loading=\"lazy\" decoding=\"async\" width=\"301\" height=\"400\" src=\"https:\/\/donatino.eu\/wp-content\/uploads\/2025\/10\/vasil-vozik-301x400.jpg\" class=\"attachment-medium size-medium\" alt=\"\" ids=\"1730,1733,1736\" lightbox_image_size=\"thumbnail\" type=\"slider\" col_spacing=\"small\" columns=\"3\" slider_nav_style=\"simple\" slider_nav_position=\"outside\" image_height=\"100%\" srcset=\"https:\/\/donatino.eu\/wp-content\/uploads\/2025\/10\/vasil-vozik-301x400.jpg 301w, https:\/\/donatino.eu\/wp-content\/uploads\/2025\/10\/vasil-vozik-602x800.jpg 602w, https:\/\/donatino.eu\/wp-content\/uploads\/2025\/10\/vasil-vozik-768x1020.jpg 768w, https:\/\/donatino.eu\/wp-content\/uploads\/2025\/10\/vasil-vozik-1157x1536.jpg 1157w, https:\/\/donatino.eu\/wp-content\/uploads\/2025\/10\/vasil-vozik-1542x2048.jpg 1542w, https:\/\/donatino.eu\/wp-content\/uploads\/2025\/10\/vasil-vozik-600x797.jpg 600w, https:\/\/donatino.eu\/wp-content\/uploads\/2025\/10\/vasil-vozik-scaled.jpg 1928w\" sizes=\"(max-width: 301px) 100vw, 301px\" \/>                                  <div class=\"overlay fill\"\n                      style=\"background-color: rgba(0,0,0,.15)\">\n                  <\/div>\n                                                              <\/div>\n              <div class=\"box-text text-left\" >\n                 <p><\/p>\n              <\/div>\n            <\/div>\n            <\/a>          <\/div>\n         <\/div><\/div>\n\t\t<\/div>\n\n\t\t\n<style>\n#section_113682693 {\n  padding-top: 30px;\n  padding-bottom: 30px;\n  background-color: rgb(238, 238, 238);\n}\n<\/style>\n\t<\/section>\n\t\n","protected":false},"excerpt":{"rendered":"","protected":false},"author":1,"featured_media":0,"parent":0,"menu_order":0,"comment_status":"closed","ping_status":"closed","template":"page-blank.php","meta":{"_monsterinsights_skip_tracking":false,"_monsterinsights_sitenote_active":false,"_monsterinsights_sitenote_note":"","_monsterinsights_sitenote_category":0,"footnotes":""},"yoast_head":"<!-- This site is optimized with the Yoast SEO plugin v22.6 - https:\/\/yoast.com\/wordpress\/plugins\/seo\/ -->\n<title>B\u00farame prek\u00e1\u017eky - DONATINO EU<\/title>\n<meta name=\"robots\" content=\"index, follow, max-snippet:-1, max-image-preview:large, max-video-preview:-1\" \/>\n<link rel=\"canonical\" href=\"https:\/\/donatino.eu\/cs\/burame-prekazky\/\" \/>\n<meta property=\"og:locale\" content=\"cs_CZ\" \/>\n<meta property=\"og:type\" content=\"article\" \/>\n<meta property=\"og:title\" content=\"B\u00farame prek\u00e1\u017eky - DONATINO EU\" \/>\n<meta property=\"og:url\" content=\"https:\/\/donatino.eu\/cs\/burame-prekazky\/\" \/>\n<meta property=\"og:site_name\" content=\"DONATINO EU\" \/>\n<meta property=\"article:modified_time\" content=\"2025-10-07T10:24:18+00:00\" \/>\n<meta name=\"twitter:card\" content=\"summary_large_image\" \/>\n<meta name=\"twitter:label1\" content=\"Odhadovan\u00e1 doba \u010dten\u00ed\" \/>\n\t<meta name=\"twitter:data1\" content=\"1 minuta\" \/>\n<script type=\"application\/ld+json\" class=\"yoast-schema-graph\">{\"@context\":\"https:\/\/schema.org\",\"@graph\":[{\"@type\":\"WebPage\",\"@id\":\"https:\/\/donatino.eu\/cs\/burame-prekazky\/\",\"url\":\"https:\/\/donatino.eu\/cs\/burame-prekazky\/\",\"name\":\"B\u00farame prek\u00e1\u017eky - DONATINO EU\",\"isPartOf\":{\"@id\":\"https:\/\/donatino.eu\/#website\"},\"datePublished\":\"2025-10-06T13:23:35+00:00\",\"dateModified\":\"2025-10-07T10:24:18+00:00\",\"breadcrumb\":{\"@id\":\"https:\/\/donatino.eu\/cs\/burame-prekazky\/#breadcrumb\"},\"inLanguage\":\"cs\",\"potentialAction\":[{\"@type\":\"ReadAction\",\"target\":[\"https:\/\/donatino.eu\/cs\/burame-prekazky\/\"]}]},{\"@type\":\"BreadcrumbList\",\"@id\":\"https:\/\/donatino.eu\/cs\/burame-prekazky\/#breadcrumb\",\"itemListElement\":[{\"@type\":\"ListItem\",\"position\":1,\"name\":\"Home\",\"item\":\"https:\/\/donatino.eu\/cs\/\"},{\"@type\":\"ListItem\",\"position\":2,\"name\":\"B\u00farame prek\u00e1\u017eky\"}]},{\"@type\":\"WebSite\",\"@id\":\"https:\/\/donatino.eu\/#website\",\"url\":\"https:\/\/donatino.eu\/\",\"name\":\"DONATINO EU\",\"description\":\"\",\"potentialAction\":[{\"@type\":\"SearchAction\",\"target\":{\"@type\":\"EntryPoint\",\"urlTemplate\":\"https:\/\/donatino.eu\/?s={search_term_string}\"},\"query-input\":\"required name=search_term_string\"}],\"inLanguage\":\"cs\"}]}<\/script>\n<!-- \/ Yoast SEO plugin. -->","yoast_head_json":{"title":"B\u00farame prek\u00e1\u017eky - DONATINO EU","robots":{"index":"index","follow":"follow","max-snippet":"max-snippet:-1","max-image-preview":"max-image-preview:large","max-video-preview":"max-video-preview:-1"},"canonical":"https:\/\/donatino.eu\/cs\/burame-prekazky\/","og_locale":"cs_CZ","og_type":"article","og_title":"B\u00farame prek\u00e1\u017eky - DONATINO EU","og_url":"https:\/\/donatino.eu\/cs\/burame-prekazky\/","og_site_name":"DONATINO EU","article_modified_time":"2025-10-07T10:24:18+00:00","twitter_card":"summary_large_image","twitter_misc":{"Odhadovan\u00e1 doba \u010dten\u00ed":"1 minuta"},"schema":{"@context":"https:\/\/schema.org","@graph":[{"@type":"WebPage","@id":"https:\/\/donatino.eu\/cs\/burame-prekazky\/","url":"https:\/\/donatino.eu\/cs\/burame-prekazky\/","name":"B\u00farame prek\u00e1\u017eky - DONATINO EU","isPartOf":{"@id":"https:\/\/donatino.eu\/#website"},"datePublished":"2025-10-06T13:23:35+00:00","dateModified":"2025-10-07T10:24:18+00:00","breadcrumb":{"@id":"https:\/\/donatino.eu\/cs\/burame-prekazky\/#breadcrumb"},"inLanguage":"cs","potentialAction":[{"@type":"ReadAction","target":["https:\/\/donatino.eu\/cs\/burame-prekazky\/"]}]},{"@type":"BreadcrumbList","@id":"https:\/\/donatino.eu\/cs\/burame-prekazky\/#breadcrumb","itemListElement":[{"@type":"ListItem","position":1,"name":"Home","item":"https:\/\/donatino.eu\/cs\/"},{"@type":"ListItem","position":2,"name":"B\u00farame prek\u00e1\u017eky"}]},{"@type":"WebSite","@id":"https:\/\/donatino.eu\/#website","url":"https:\/\/donatino.eu\/","name":"DONATINO EU","description":"","potentialAction":[{"@type":"SearchAction","target":{"@type":"EntryPoint","urlTemplate":"https:\/\/donatino.eu\/?s={search_term_string}"},"query-input":"required name=search_term_string"}],"inLanguage":"cs"}]}},"_links":{"self":[{"href":"https:\/\/donatino.eu\/cs\/wp-json\/wp\/v2\/pages\/1854"}],"collection":[{"href":"https:\/\/donatino.eu\/cs\/wp-json\/wp\/v2\/pages"}],"about":[{"href":"https:\/\/donatino.eu\/cs\/wp-json\/wp\/v2\/types\/page"}],"author":[{"embeddable":true,"href":"https:\/\/donatino.eu\/cs\/wp-json\/wp\/v2\/users\/1"}],"replies":[{"embeddable":true,"href":"https:\/\/donatino.eu\/cs\/wp-json\/wp\/v2\/comments?post=1854"}],"version-history":[{"count":5,"href":"https:\/\/donatino.eu\/cs\/wp-json\/wp\/v2\/pages\/1854\/revisions"}],"predecessor-version":[{"id":1878,"href":"https:\/\/donatino.eu\/cs\/wp-json\/wp\/v2\/pages\/1854\/revisions\/1878"}],"wp:attachment":[{"href":"https:\/\/donatino.eu\/cs\/wp-json\/wp\/v2\/media?parent=1854"}],"curies":[{"name":"wp","href":"https:\/\/api.w.org\/{rel}","templated":true}]}}